{"id":943,"date":"2021-02-18T16:13:29","date_gmt":"2021-02-18T15:13:29","guid":{"rendered":"https:\/\/www.seahouseinternational.net\/?page_id=943"},"modified":"2021-02-24T11:55:59","modified_gmt":"2021-02-24T10:55:59","slug":"privacy-policy","status":"publish","type":"page","link":"https:\/\/www.seahouseinternational.net\/it\/privacy-policy\/","title":{"rendered":"Privacy policy"},"content":{"rendered":"<div  class=\"grids-section grids-is-stretch\" style=\"--_gs-gap-desktop:0px 0px;--_gs-m-desktop:0 0 0 0;--_gs-p-desktop:0 0 0 0;--_gs-bg-desktop:transparent none;--_gs-bg-xp-desktop:0px;--_gs-zi-desktop:auto;--_gs-d-desktop:block;--_gs-mw-desktop:calc(100% - 0 - 0);--_gs-gap-tablet:0px 0px;--_gs-m-tablet:0 0 0 0;--_gs-p-tablet:0 0 0 0;--_gs-bg-tablet:transparent none;--_gs-bg-xp-tablet:0px;--_gs-zi-tablet:auto;--_gs-d-tablet:block;--_gs-mw-tablet:calc(100% - 0 - 0);--_gs-gap-mobile:0px 0px;--_gs-m-mobile:0 0 0 0;--_gs-p-mobile:0 0 0 0;--_gs-bg-mobile:transparent none;--_gs-bg-xp-mobile:0px;--_gs-zi-mobile:auto;--_gs-d-mobile:block;--_gs-mw-mobile:calc(100% - 0 - 0);--_gs-columns:1;--_gs-rows:1\"><div class=\"grids-s-w_i\">\n<div class=\"grids-area\" style=\"--_ga-column:1\/2;--_ga-row:1\/2;--_ga-m-desktop:0 0 0 0;--_ga-p-desktop:0 50px 0 50px;--_ga-bg-desktop:transparent none;--_ga-zi-desktop:auto;--_ga-d-desktop:flex;--_ga-mw-desktop:calc(100% - 0 - 0);--_ga-m-tablet:0 0 0 0;--_ga-p-tablet:0 50px 0 50px;--_ga-bg-tablet:transparent none;--_ga-zi-tablet:auto;--_ga-d-tablet:flex;--_ga-mw-tablet:calc(100% - 0 - 0);--_ga-m-mobile:0 0 0 0;--_ga-p-mobile:0 20px 0 20px;--_ga-bg-mobile:transparent none;--_ga-zi-mobile:auto;--_ga-d-mobile:flex;--_ga-mw-mobile:calc(100% - 0 - 0)\">\n\n<p><strong>INFORMATIVA SUL TRATTAMENTO DEI DATI PERSONALI.<\/strong><\/p>\n\n\n\n<p>S.E.R.M. d.o.o., in qualit\u00e0 di titolare del trattamento dei dati personali (di seguito \u201cTitolare\u201d), rilascia la presente informativa all\u2019Interessato nel rispetto della disciplina europea e italiana in materia di protezione dei dati personali.<\/p>\n\n\n\n<p>La presente informativa integra la policy di navigazione del sito web, allo scopo di illustrare all\u2019Utente come il Titolare tratter\u00e0 nello specifico i dati inseriti nel presente form di contatto: si invita pertanto a prendere visione della nostra privacy policy.<\/p>\n\n\n\n<p><strong>Finalit\u00e0 e base giuridica del trattamento<\/strong><br>Se si iscriver\u00e0 al presente servizio, S.E.R.M. d.o.o. tratter\u00e0 i dati personali raccolti per inviare via e-mail la newsletter contenente informazioni sui propri prodotti o servizi, nonch\u00e9 promozioni o inviti ad eventi ai quali parteciper\u00e0. La base giuridica consiste nella necessit\u00e0 per il perseguimento della suddetta finalit\u00e0.<\/p>\n\n\n\n<p><strong>Periodo di conservazione dei dati<\/strong><br>Il Titolare tratter\u00e0 i dati sino alla cessazione del servizio o all\u2019eventuale richiesta di disiscrizione, se precedente.<\/p>\n\n\n\n<p><strong>Natura del conferimento dei dati e conseguenze in caso di rifiuto<\/strong><br>Il conferimento dei dati \u00e8 facoltativo, ma il rifiuto di comunicarli comporta l\u2019impossibilit\u00e0 di iscriversi al presente servizio.<\/p>\n\n\n\n<p><strong>Ambito di comunicazione dei dati e categorie di destinatari<\/strong><br>Il Titolare non diffonder\u00e0 i dati, che saranno comunicati esclusivamente a figure interne autorizzate al trattamento in ragione delle rispettive mansioni, nonch\u00e9 a professionisti, societ\u00e0 o altri terzi che svolgono attivit\u00e0 in outsourcing e che sono quindi nominati responsabili del trattamento con apposito contratto o altro atto giuridico.<\/p>\n\n\n\n<p><strong>Trasferimento dati verso un Paese terzo e\/o un\u2019organizzazione internazionale<\/strong><br>I dati personali non saranno oggetto di trasferimento n\u00e9 verso Paesi terzi non europei n\u00e9 verso organizzazioni internazionali.<\/p>\n\n\n\n<p><strong>Diritti degli interessati<\/strong><br>L\u2019Interessato ha il diritto di effettuare la disiscrizione dal presente servizio in qualsiasi momento e potr\u00e0 altres\u00ec chiedere al Titolare di accedere ai propri dati personali e di rettificarli se inesatti, di cancellarli o limitarne il trattamento se ne ricorrono i presupposti, nonch\u00e9 di ottenerne la portabilit\u00e0.<br>Per esercitare i propri diritti, l\u2019Interessato pu\u00f2 utilizzare il modulo disponibile&nbsp;<a href=\"https:\/\/www.garanteprivacy.it\/web\/guest\/home\/docweb\/-\/docweb-display\/docweb\/1089924\">qui<\/a> e inoltrarlo al Titolare al seguente recapito: <a href=\"mailto:info@sermdoo-hr.net\">info@sermdoo-hr.net<\/a>. L\u2019Interessato ha anche il diritto di proporre reclamo all\u2019autorit\u00e0 di controllo competente in materia, Garante per la protezione dei dati personali (<a href=\"http:\/\/www.garanteprivacy.it\/\">www.garanteprivacy.it<\/a>).<\/p>\n\n\n\n<p><strong>INFORMATIVA SUL TRATTAMENTO DEI DATI PERSONALI.<\/strong><\/p>\n\n\n\n<p>Industrial S.E.R.M. d.o.o., in qualit\u00e0 di titolare del trattamento dei dati personali (di seguito \u201cTitolare\u201d), rilascia la presente informativa all\u2019Interessato nel rispetto della disciplina europea e italiana in materia di protezione dei dati personali.<\/p>\n\n\n\n<p>La presente informativa integra la policy di navigazione del sito web, allo scopo di illustrare all\u2019Utente come il Titolare tratter\u00e0 nello specifico i dati inseriti nel presente form di contatto: si invita pertanto a prendere visione della nostra privacy policy.<\/p>\n\n\n\n<p><strong>Finalit\u00e0 e base giuridica del trattamento<\/strong><br>Il Titolare tratta i dati personali per diverse finalit\u00e0:<br>1) rispondere alle richieste inoltrate attraverso il presente form, ad esempio per ottenere informazioni su propri prodotti o servizi (compreso l\u2019invio della brochure, del catalogo e\/o di altro materiale informativo aziendale), per avere un preventivo, ecc.: in questo caso il consenso non \u00e8 richiesto perch\u00e9 il<br>trattamento \u00e8 necessario per dare riscontro a tali richieste;<br>2) utilizzare i recapiti dell\u2019Interessato (indirizzo e-mail) per effettuare sondaggi di opinione e di gradimento, trasmettere comunicazioni commerciali contenenti informazioni sui propri prodotti o servizi, nonch\u00e9 promozioni o inviti ad eventi ai quali il Titolare parteciper\u00e0: per tale finalit\u00e0 \u00e8 necessario il consenso<br>espresso dell\u2019Interessato, che potr\u00e0 essere prestato e revocato anche solo per alcune delle suddette attivit\u00e0, scrivendo all\u2019indirizzo e-mail sotto indicato;<\/p>\n\n\n\n<p><strong>Periodo di conservazione dei dati<\/strong><br>Il Titolare intende trattare i dati secondo i seguenti criteri temporali:<br>\uf0fc qualora fossero richieste informazioni, i dati saranno trattati per il tempo necessario a dare riscontro; qualora fosse richiesto un preventivo, invece, i dati saranno trattati per un tempo massimo pari al doppio del periodo di efficacia della proposta, fatta salva l\u2019ulteriore conservazione per il tempo necessario alla definizione (comunque raggiunta) delle controversie eventualmente insorte;<br>\uf0fc per la finalit\u00e0 di cui al punto 2), i dati saranno trattati per ventiquattro mesi dall\u2019ultima comunicazione, indipendentemente dal canale utilizzato: l\u2019Interessato potr\u00e0 revocare il consenso o comunque opporsi al trattamento in qualsiasi momento;<\/p>\n\n\n\n<p><strong>Natura del conferimento dei dati e conseguenze in caso di rifiuto<\/strong><br>Il conferimento dei dati per le finalit\u00e0 di cui al punto 1) \u00e8 necessario e pertanto l&#8217;eventuale rifiuto a fornirli in tutto o in parte pu\u00f2 dar luogo all\u2019impossibilit\u00e0 per il Titolare di perseguire le sopra indicate finalit\u00e0. Ilnconferimento per le ulteriori finalit\u00e0 \u00e8 facoltativo: in mancanza, il Titolare non potr\u00e0 effettuare le corrispondenti attivit\u00e0 ma sar\u00e0 comunque legittimato a perseguire le finalit\u00e0 di cui al punto 1).<\/p>\n\n\n\n<p><strong>Categorie dei destinatari<\/strong><br>Il Titolare non diffonder\u00e0 i dati, ma intende comunicarli a figure interne autorizzate al trattamento in ragione delle rispettive mansioni, nonch\u00e9 a societ\u00e0 di informazioni commerciali, di factoring, di consulenza, ad associazioni e\/o organizzazioni imprenditoriali, a professionisti o societ\u00e0 di servizi, oltre che ad Enti<br>Pubblici e privati, anche a seguito di ispezioni e verifiche.<br>Tali destinatari, ove dovessero trattare dati per conto del Titolare, saranno nominati responsabili del trattamento con apposito contratto o altro atto giuridico.<br>Trasferimento dati verso un Paese terzo e\/o un\u2019organizzazione internazionale I dati personali non saranno oggetto di trasferimento n\u00e9 verso Paesi terzi non europei n\u00e9 verso organizzazioni internazionali.<\/p>\n\n\n\n<p><strong>Diritti degli interessati<\/strong><br>L\u2019interessato ha il diritto di chiedere al Titolare di accedere ai propri dati personali e di rettificarli se inesatti, di cancellarli o limitarne il trattamento se ne ricorrono i presupposti, di opporsi al loro trattamento per legittimi interessi perseguiti dal Titolare, nonch\u00e9 di ottenere la portabilit\u00e0 dei dati personalmente forniti solo se oggetto di un trattamento automatizzato basato sul consenso o sul contratto. L\u2019interessato ha altres\u00ec il diritto di revocare il consenso prestato per le finalit\u00e0 di trattamento che lo richiedono, ferma restando la liceit\u00e0 del trattamento effettuato sino al momento della revoca.<br>Per esercitare i propri diritti, l\u2019Interessato pu\u00f2 utilizzare il modulo disponibile&nbsp;<a href=\"https:\/\/www.garanteprivacy.it\/web\/guest\/home\/docweb\/-\/docweb-display\/docweb\/1089924\">qui<\/a>&nbsp;e inoltrarlo al Titolare al seguente recapito:&nbsp;<a href=\"mailto:info@sermdoo-hr.net\">info@sermdoo-hr.net<\/a>. L\u2019Interessato ha anche il diritto di proporre reclamo all\u2019autorit\u00e0 di controllo competente in materia, Garante per la protezione dei dati personali<br>(<a href=\"http:\/\/www.garanteprivacy.it\/\">www.garanteprivacy.it<\/a>).<\/p>\n\n<\/div>\n<\/div><\/div>","protected":false},"excerpt":{"rendered":"","protected":false},"author":1,"featured_media":0,"parent":0,"menu_order":0,"comment_status":"closed","ping_status":"closed","template":"","meta":{"_acf_changed":false,"advgb_blocks_editor_width":"","advgb_blocks_columns_visual_guide":"","footnotes":""},"class_list":["post-943","page","type-page","status-publish","hentry","entry"],"acf":[],"yoast_head":"<!-- This site is optimized with the Yoast SEO plugin v25.3.1 - https:\/\/yoast.com\/wordpress\/plugins\/seo\/ -->\n<title>Privacy policy - Appartamenti SeaHouse a Lussino, Croazia<\/title>\n<meta name=\"robots\" content=\"index, follow, max-snippet:-1, max-image-preview:large, max-video-preview:-1\" \/>\n<link rel=\"canonical\" href=\"https:\/\/www.seahouseinternational.net\/it\/privacy-policy\/\" \/>\n<meta property=\"og:locale\" content=\"it_IT\" \/>\n<meta property=\"og:type\" content=\"article\" \/>\n<meta property=\"og:title\" content=\"Privacy policy - Appartamenti SeaHouse a Lussino, Croazia\" \/>\n<meta property=\"og:url\" content=\"https:\/\/www.seahouseinternational.net\/it\/privacy-policy\/\" \/>\n<meta property=\"og:site_name\" content=\"Appartamenti SeaHouse a Lussino, Croazia\" \/>\n<meta property=\"article:modified_time\" content=\"2021-02-24T10:55:59+00:00\" \/>\n<meta name=\"twitter:card\" content=\"summary_large_image\" \/>\n<meta name=\"twitter:label1\" content=\"Tempo di lettura stimato\" \/>\n\t<meta name=\"twitter:data1\" content=\"5 minuti\" \/>\n<script type=\"application\/ld+json\" class=\"yoast-schema-graph\">{\"@context\":\"https:\/\/schema.org\",\"@graph\":[{\"@type\":\"WebPage\",\"@id\":\"https:\/\/www.seahouseinternational.net\/it\/privacy-policy\/\",\"url\":\"https:\/\/www.seahouseinternational.net\/it\/privacy-policy\/\",\"name\":\"Privacy policy - Appartamenti SeaHouse a Lussino, Croazia\",\"isPartOf\":{\"@id\":\"https:\/\/www.seahouseinternational.net\/it\/#website\"},\"datePublished\":\"2021-02-18T15:13:29+00:00\",\"dateModified\":\"2021-02-24T10:55:59+00:00\",\"breadcrumb\":{\"@id\":\"https:\/\/www.seahouseinternational.net\/it\/privacy-policy\/#breadcrumb\"},\"inLanguage\":\"it-IT\",\"potentialAction\":[{\"@type\":\"ReadAction\",\"target\":[\"https:\/\/www.seahouseinternational.net\/it\/privacy-policy\/\"]}]},{\"@type\":\"BreadcrumbList\",\"@id\":\"https:\/\/www.seahouseinternational.net\/it\/privacy-policy\/#breadcrumb\",\"itemListElement\":[{\"@type\":\"ListItem\",\"position\":1,\"name\":\"Home\",\"item\":\"https:\/\/www.seahouseinternational.net\/it\/\"},{\"@type\":\"ListItem\",\"position\":2,\"name\":\"Privacy policy\"}]},{\"@type\":\"WebSite\",\"@id\":\"https:\/\/www.seahouseinternational.net\/it\/#website\",\"url\":\"https:\/\/www.seahouseinternational.net\/it\/\",\"name\":\"Appartamenti SeaHouse a Lussino, Croazia\",\"description\":\"\",\"publisher\":{\"@id\":\"https:\/\/www.seahouseinternational.net\/it\/#organization\"},\"potentialAction\":[{\"@type\":\"SearchAction\",\"target\":{\"@type\":\"EntryPoint\",\"urlTemplate\":\"https:\/\/www.seahouseinternational.net\/it\/?s={search_term_string}\"},\"query-input\":{\"@type\":\"PropertyValueSpecification\",\"valueRequired\":true,\"valueName\":\"search_term_string\"}}],\"inLanguage\":\"it-IT\"},{\"@type\":\"Organization\",\"@id\":\"https:\/\/www.seahouseinternational.net\/it\/#organization\",\"name\":\"Appartamenti SeaHouse a Lussino, Croazia\",\"url\":\"https:\/\/www.seahouseinternational.net\/it\/\",\"logo\":{\"@type\":\"ImageObject\",\"inLanguage\":\"it-IT\",\"@id\":\"https:\/\/www.seahouseinternational.net\/it\/#\/schema\/logo\/image\/\",\"url\":\"https:\/\/www.seahouseinternational.net\/wp-content\/uploads\/2021\/02\/logo-seahouse.png\",\"contentUrl\":\"https:\/\/www.seahouseinternational.net\/wp-content\/uploads\/2021\/02\/logo-seahouse.png\",\"width\":374,\"height\":60,\"caption\":\"Appartamenti SeaHouse a Lussino, Croazia\"},\"image\":{\"@id\":\"https:\/\/www.seahouseinternational.net\/it\/#\/schema\/logo\/image\/\"}}]}<\/script>\n<!-- \/ Yoast SEO plugin. -->","yoast_head_json":{"title":"Privacy policy - Appartamenti SeaHouse a Lussino, Croazia","robots":{"index":"index","follow":"follow","max-snippet":"max-snippet:-1","max-image-preview":"max-image-preview:large","max-video-preview":"max-video-preview:-1"},"canonical":"https:\/\/www.seahouseinternational.net\/it\/privacy-policy\/","og_locale":"it_IT","og_type":"article","og_title":"Privacy policy - Appartamenti SeaHouse a Lussino, Croazia","og_url":"https:\/\/www.seahouseinternational.net\/it\/privacy-policy\/","og_site_name":"Appartamenti SeaHouse a Lussino, Croazia","article_modified_time":"2021-02-24T10:55:59+00:00","twitter_card":"summary_large_image","twitter_misc":{"Tempo di lettura stimato":"5 minuti"},"schema":{"@context":"https:\/\/schema.org","@graph":[{"@type":"WebPage","@id":"https:\/\/www.seahouseinternational.net\/it\/privacy-policy\/","url":"https:\/\/www.seahouseinternational.net\/it\/privacy-policy\/","name":"Privacy policy - Appartamenti SeaHouse a Lussino, Croazia","isPartOf":{"@id":"https:\/\/www.seahouseinternational.net\/it\/#website"},"datePublished":"2021-02-18T15:13:29+00:00","dateModified":"2021-02-24T10:55:59+00:00","breadcrumb":{"@id":"https:\/\/www.seahouseinternational.net\/it\/privacy-policy\/#breadcrumb"},"inLanguage":"it-IT","potentialAction":[{"@type":"ReadAction","target":["https:\/\/www.seahouseinternational.net\/it\/privacy-policy\/"]}]},{"@type":"BreadcrumbList","@id":"https:\/\/www.seahouseinternational.net\/it\/privacy-policy\/#breadcrumb","itemListElement":[{"@type":"ListItem","position":1,"name":"Home","item":"https:\/\/www.seahouseinternational.net\/it\/"},{"@type":"ListItem","position":2,"name":"Privacy policy"}]},{"@type":"WebSite","@id":"https:\/\/www.seahouseinternational.net\/it\/#website","url":"https:\/\/www.seahouseinternational.net\/it\/","name":"Appartamenti SeaHouse a Lussino, Croazia","description":"","publisher":{"@id":"https:\/\/www.seahouseinternational.net\/it\/#organization"},"potentialAction":[{"@type":"SearchAction","target":{"@type":"EntryPoint","urlTemplate":"https:\/\/www.seahouseinternational.net\/it\/?s={search_term_string}"},"query-input":{"@type":"PropertyValueSpecification","valueRequired":true,"valueName":"search_term_string"}}],"inLanguage":"it-IT"},{"@type":"Organization","@id":"https:\/\/www.seahouseinternational.net\/it\/#organization","name":"Appartamenti SeaHouse a Lussino, Croazia","url":"https:\/\/www.seahouseinternational.net\/it\/","logo":{"@type":"ImageObject","inLanguage":"it-IT","@id":"https:\/\/www.seahouseinternational.net\/it\/#\/schema\/logo\/image\/","url":"https:\/\/www.seahouseinternational.net\/wp-content\/uploads\/2021\/02\/logo-seahouse.png","contentUrl":"https:\/\/www.seahouseinternational.net\/wp-content\/uploads\/2021\/02\/logo-seahouse.png","width":374,"height":60,"caption":"Appartamenti SeaHouse a Lussino, Croazia"},"image":{"@id":"https:\/\/www.seahouseinternational.net\/it\/#\/schema\/logo\/image\/"}}]}},"coauthors":[],"author_meta":{"author_link":"https:\/\/www.seahouseinternational.net\/it\/author\/se4-h0s3\/","display_name":"se4-h0s3"},"relative_dates":{"created":"Pubblicato 5 anni fa","modified":"Aggiornato 5 anni fa"},"absolute_dates":{"created":"Pubblicato il 18 Febbraio 2021","modified":"Aggiornato il 24 Febbraio 2021"},"absolute_dates_time":{"created":"Pubblicato il 18 Febbraio 2021 16:13","modified":"Aggiornato il 24 Febbraio 2021 11:55"},"featured_img_caption":"","featured_img":false,"series_order":"","_links":{"self":[{"href":"https:\/\/www.seahouseinternational.net\/it\/wp-json\/wp\/v2\/pages\/943","targetHints":{"allow":["GET"]}}],"collection":[{"href":"https:\/\/www.seahouseinternational.net\/it\/wp-json\/wp\/v2\/pages"}],"about":[{"href":"https:\/\/www.seahouseinternational.net\/it\/wp-json\/wp\/v2\/types\/page"}],"author":[{"embeddable":true,"href":"https:\/\/www.seahouseinternational.net\/it\/wp-json\/wp\/v2\/users\/1"}],"replies":[{"embeddable":true,"href":"https:\/\/www.seahouseinternational.net\/it\/wp-json\/wp\/v2\/comments?post=943"}],"version-history":[{"count":1,"href":"https:\/\/www.seahouseinternational.net\/it\/wp-json\/wp\/v2\/pages\/943\/revisions"}],"predecessor-version":[{"id":2674,"href":"https:\/\/www.seahouseinternational.net\/it\/wp-json\/wp\/v2\/pages\/943\/revisions\/2674"}],"wp:attachment":[{"href":"https:\/\/www.seahouseinternational.net\/it\/wp-json\/wp\/v2\/media?parent=943"}],"curies":[{"name":"wp","href":"https:\/\/api.w.org\/{rel}","templated":true}]}}