{"id":2322,"date":"2021-02-22T12:45:24","date_gmt":"2021-02-22T11:45:24","guid":{"rendered":"https:\/\/www.seahouseinternational.net\/?page_id=2322"},"modified":"2021-02-24T14:53:31","modified_gmt":"2021-02-24T13:53:31","slug":"tamo-gdje-jesmo","status":"publish","type":"page","link":"https:\/\/www.seahouseinternational.net\/hr\/tamo-gdje-jesmo\/","title":{"rendered":"Tamo gdje jesmo"},"content":{"rendered":"<div  class=\"grids-section grids-is-advanced\" style=\"--_gs-gap-desktop:0px 0px;--_gs-m-desktop:0 0 0 0;--_gs-p-desktop:0 0 30px 0;--_gs-bg-desktop:transparent none;--_gs-bg-xp-desktop:0px;--_gs-zi-desktop:auto;--_gs-d-desktop:block;--_gs-mw-desktop:calc(100% - 0 - 0);--_gs-gap-tablet:0px 0px;--_gs-m-tablet:0 0 0 0;--_gs-p-tablet:0 0 30px 0;--_gs-bg-tablet:transparent none;--_gs-bg-xp-tablet:0px;--_gs-zi-tablet:auto;--_gs-d-tablet:block;--_gs-mw-tablet:calc(100% - 0 - 0);--_gs-gap-mobile:0px 0px;--_gs-m-mobile:0 0 0 0;--_gs-p-mobile:0 0 30px 0;--_gs-bg-mobile:transparent none;--_gs-bg-xp-mobile:0px;--_gs-zi-mobile:auto;--_gs-d-mobile:block;--_gs-mw-mobile:calc(100% - 0 - 0);--_gs-columns:12;--_gs-rows:6\"><div class=\"grids-s-w_i\">\n<div class=\"grids-area\" style=\"--_ga-column:2\/6;--_ga-row:1\/2;--_ga-m-desktop:0 0 0 0;--_ga-p-desktop:0 0 0 0;--_ga-bg-desktop:transparent none;--_ga-zi-desktop:auto;--_ga-d-desktop:flex;--_ga-mw-desktop:calc(100% - 0 - 0);--_ga-m-tablet:0 0 0 0;--_ga-p-tablet:0 0 0 0;--_ga-bg-tablet:transparent none;--_ga-zi-tablet:auto;--_ga-d-tablet:flex;--_ga-mw-tablet:calc(100% - 0 - 0);--_ga-m-mobile:0 0 0 0;--_ga-p-mobile:0 0 0 0;--_ga-bg-mobile:transparent none;--_ga-zi-mobile:auto;--_ga-d-mobile:flex;--_ga-mw-mobile:calc(100% - 0 - 0)\">\n\n<p>Otok Lo\u0161inj nalazi se u sjeverni dio Hrvatske, u creskom arhipelagu.<\/p>\n\n\n\n<p>Jamina, 16<br>51550 Mali Losinj (HR)<br>OIB HR &#8211; 33252278085<\/p>\n\n<\/div>\n\n<div class=\"grids-area\" style=\"--_ga-column:7\/12;--_ga-row:1\/2;--_ga-m-desktop:0 0 0 0;--_ga-p-desktop:0 0 0 0;--_ga-bg-desktop:transparent none;--_ga-zi-desktop:auto;--_ga-d-desktop:flex;--_ga-mw-desktop:calc(100% - 0 - 0);--_ga-m-tablet:0 0 0 0;--_ga-p-tablet:0 0 0 0;--_ga-bg-tablet:transparent none;--_ga-zi-tablet:auto;--_ga-d-tablet:flex;--_ga-mw-tablet:calc(100% - 0 - 0);--_ga-m-mobile:0 0 0 0;--_ga-p-mobile:0 0 0 0;--_ga-bg-mobile:transparent none;--_ga-zi-mobile:auto;--_ga-d-mobile:flex;--_ga-mw-mobile:calc(100% - 0 - 0)\">\n\n<h2 class=\"wp-block-heading\">Lokalne linije<\/h2>\n\n\n\n<p>Do otoka je mogu\u0107e do\u0107i trajektom iz razli\u010ditih luka,<span style=\"color:#ff385c\" class=\"has-inline-color\"> <\/span><strong><a href=\"https:\/\/www.jadrolinija.hr\/red-plovidbe\/lokalne-linije-2021-\" target=\"_blank\" rel=\"noreferrer noopener\" class=\"broken_link\"><span style=\"color:#ff385c\" class=\"has-inline-color\">pretra\u017ei red plovidbe i kupi kartu!<\/span><\/a><\/strong><\/p>\n\n<\/div>\n<\/div><\/div>\n\n<div  class=\"grids-section grids-is-advanced\" style=\"--_gs-gap-desktop:0px 0px;--_gs-m-desktop:0 0 0 0;--_gs-p-desktop:30px 0 0 0;--_gs-bg-desktop:#f8f8f8 none;--_gs-bg-xp-desktop:0px;--_gs-zi-desktop:auto;--_gs-d-desktop:block;--_gs-mw-desktop:calc(100% - 0 - 0);--_gs-gap-tablet:0px 0px;--_gs-m-tablet:0 0 0 0;--_gs-p-tablet:30px 0 0 0;--_gs-bg-tablet:#f8f8f8 none;--_gs-bg-xp-tablet:0px;--_gs-zi-tablet:auto;--_gs-d-tablet:block;--_gs-mw-tablet:calc(100% - 0 - 0);--_gs-gap-mobile:0px 0px;--_gs-m-mobile:0 0 0 0;--_gs-p-mobile:30px 0 0 0;--_gs-bg-mobile:#f8f8f8 none;--_gs-bg-xp-mobile:0px;--_gs-zi-mobile:auto;--_gs-d-mobile:block;--_gs-mw-mobile:calc(100% - 0 - 0);--_gs-columns:12;--_gs-rows:6\"><div class=\"grids-s-w_i\">\n<div class=\"grids-area\" style=\"--_ga-column:2\/12;--_ga-row:1\/2;--_ga-m-desktop:0 0 0 0;--_ga-p-desktop:30px 0 30px 0;--_ga-bg-desktop:transparent none;--_ga-zi-desktop:auto;--_ga-d-desktop:flex;--_ga-mw-desktop:calc(100% - 0 - 0);--_ga-m-tablet:0 0 0 0;--_ga-p-tablet:30px 0 30px 0;--_ga-bg-tablet:transparent none;--_ga-zi-tablet:auto;--_ga-d-tablet:flex;--_ga-mw-tablet:calc(100% - 0 - 0);--_ga-m-mobile:0 0 0 0;--_ga-p-mobile:30px 0 30px 0;--_ga-bg-mobile:transparent none;--_ga-zi-mobile:auto;--_ga-d-mobile:flex;--_ga-mw-mobile:calc(100% - 0 - 0)\">\n\n<h2 class=\"wp-block-heading\">Kako do\u0107i do otoka<\/h2>\n\n<\/div>\n\n<div class=\"grids-area\" style=\"--_ga-column:2\/7;--_ga-row:2\/3;--_ga-m-desktop:0 0 0 0;--_ga-p-desktop:0 30px 30px 0;--_ga-bg-desktop:transparent none;--_ga-zi-desktop:auto;--_ga-d-desktop:flex;--_ga-mw-desktop:calc(100% - 0 - 0);--_ga-m-tablet:0 0 0 0;--_ga-p-tablet:0 30px 30px 0;--_ga-bg-tablet:transparent none;--_ga-zi-tablet:auto;--_ga-d-tablet:flex;--_ga-mw-tablet:calc(100% - 0 - 0);--_ga-m-mobile:0 0 0 0;--_ga-p-mobile:0 30px 30px 0;--_ga-bg-mobile:transparent none;--_ga-zi-mobile:auto;--_ga-d-mobile:flex;--_ga-mw-mobile:calc(100% - 0 - 0)\">\n\n<h3 class=\"wp-block-heading\">Od Trsta (Italija)<\/h3>\n\n\n\n<p>Pasjak granica &#8211; Opatija &#8211; luka Brestova &#8211; Porozina (kopno &#8211; otok Cres)<\/p>\n\n<\/div>\n\n<div class=\"grids-area\" style=\"--_ga-column:2\/7;--_ga-row:3\/4;--_ga-m-desktop:0 0 0 0;--_ga-p-desktop:0 30px 30px 0;--_ga-bg-desktop:transparent none;--_ga-zi-desktop:auto;--_ga-d-desktop:flex;--_ga-mw-desktop:calc(100% - 0 - 0);--_ga-m-tablet:0 0 0 0;--_ga-p-tablet:0 30px 30px 0;--_ga-bg-tablet:transparent none;--_ga-zi-tablet:auto;--_ga-d-tablet:flex;--_ga-mw-tablet:calc(100% - 0 - 0);--_ga-m-mobile:0 0 0 0;--_ga-p-mobile:0 30px 30px 0;--_ga-bg-mobile:transparent none;--_ga-zi-mobile:auto;--_ga-d-mobile:flex;--_ga-mw-mobile:calc(100% - 0 - 0)\">\n\n<h3 class=\"wp-block-heading\">Od Ljubljane (Slovenija)<\/h3>\n\n\n\n<p>Za ulazak u Hrvatsku kroz Sloveniju potrebno je kupiti &#8220;<strong>vinjetu<\/strong>&#8221; (naljepnicu autoceste).<\/p>\n\n\n\n<p>Vi\u0161e o&nbsp;<a href=\"http:\/\/www.hak.hr\/\" target=\"_blank\" rel=\"noreferrer noopener\">www.hak.hr<\/a><\/p>\n\n\n\n<p>Rupa granica &#8211; Rijeka &#8211; otok Krk (most) &#8211; luka Valbiska &#8211; Merag (otok Krk &#8211; otok Cres)<\/p>\n\n\n\n<p>Rupa granica &#8211; Rijeka (Rijeka) &#8211; Opatija &#8211; Luka Brestova &#8211; Porozina (kopno &#8211; otok Cres)<\/p>\n\n<\/div>\n\n<div class=\"grids-area\" style=\"--_ga-column:7\/12;--_ga-row:2\/3;--_ga-m-desktop:0 0 0 0;--_ga-p-desktop:0 0 30px 30px;--_ga-bg-desktop:transparent none;--_ga-zi-desktop:auto;--_ga-d-desktop:flex;--_ga-mw-desktop:calc(100% - 0 - 0);--_ga-m-tablet:0 0 0 0;--_ga-p-tablet:0 0 30px 30px;--_ga-bg-tablet:transparent none;--_ga-zi-tablet:auto;--_ga-d-tablet:flex;--_ga-mw-tablet:calc(100% - 0 - 0);--_ga-m-mobile:0 0 0 0;--_ga-p-mobile:0 0 30px 30px;--_ga-bg-mobile:transparent none;--_ga-zi-mobile:auto;--_ga-d-mobile:flex;--_ga-mw-mobile:calc(100% - 0 - 0)\">\n\n<h3 class=\"wp-block-heading\">Iz Zagreba (Hrvatska)<\/h3>\n\n\n\n<p>otok Krk (most) &#8211; luka Valbiska &#8211; Merag (otok Krk &#8211; otok Cres)<\/p>\n\n<\/div>\n\n<div class=\"grids-area\" style=\"--_ga-column:7\/12;--_ga-row:3\/4;--_ga-m-desktop:0 0 0 0;--_ga-p-desktop:0 0 30px 30px;--_ga-bg-desktop:transparent none;--_ga-zi-desktop:auto;--_ga-d-desktop:flex;--_ga-mw-desktop:calc(100% - 0 - 0);--_ga-m-tablet:0 0 0 0;--_ga-p-tablet:0 0 30px 30px;--_ga-bg-tablet:transparent none;--_ga-zi-tablet:auto;--_ga-d-tablet:flex;--_ga-mw-tablet:calc(100% - 0 - 0);--_ga-m-mobile:0 0 0 0;--_ga-p-mobile:0 0 30px 30px;--_ga-bg-mobile:transparent none;--_ga-zi-mobile:auto;--_ga-d-mobile:flex;--_ga-mw-mobile:calc(100% - 0 - 0)\">\n\n<h3 class=\"wp-block-heading\">From&nbsp;Switzerland<\/h3>\n\n\n\n<p>It is possible to reach the island from&nbsp;Switzerland,&nbsp;through the&nbsp;flight LUGANO AGNO &#8211; LUSSINO.<\/p>\n\n<\/div>\n<\/div><\/div>","protected":false},"excerpt":{"rendered":"","protected":false},"author":1,"featured_media":0,"parent":0,"menu_order":0,"comment_status":"closed","ping_status":"closed","template":"","meta":{"_acf_changed":false,"advgb_blocks_editor_width":"","advgb_blocks_columns_visual_guide":"","footnotes":""},"class_list":["post-2322","page","type-page","status-publish","hentry","entry"],"acf":[],"yoast_head":"<!-- This site is optimized with the Yoast SEO plugin v25.3.1 - https:\/\/yoast.com\/wordpress\/plugins\/seo\/ -->\n<title>Tamo gdje jesmo - Apartmani Sea House u Lo\u0161inju, Hrvatska<\/title>\n<meta name=\"robots\" content=\"index, follow, max-snippet:-1, max-image-preview:large, max-video-preview:-1\" \/>\n<link rel=\"canonical\" href=\"https:\/\/www.seahouseinternational.net\/hr\/tamo-gdje-jesmo\/\" \/>\n<meta property=\"og:locale\" content=\"hr_HR\" \/>\n<meta property=\"og:type\" content=\"article\" \/>\n<meta property=\"og:title\" content=\"Tamo gdje jesmo - Apartmani Sea House u Lo\u0161inju, Hrvatska\" \/>\n<meta property=\"og:url\" content=\"https:\/\/www.seahouseinternational.net\/hr\/tamo-gdje-jesmo\/\" \/>\n<meta property=\"og:site_name\" content=\"Apartmani Sea House u Lo\u0161inju, Hrvatska\" \/>\n<meta property=\"article:modified_time\" content=\"2021-02-24T13:53:31+00:00\" \/>\n<meta name=\"twitter:card\" content=\"summary_large_image\" \/>\n<meta name=\"twitter:label1\" content=\"Procijenjeno vrijeme \u010ditanja\" \/>\n\t<meta name=\"twitter:data1\" content=\"1 minuta\" \/>\n<script type=\"application\/ld+json\" class=\"yoast-schema-graph\">{\"@context\":\"https:\/\/schema.org\",\"@graph\":[{\"@type\":\"WebPage\",\"@id\":\"https:\/\/www.seahouseinternational.net\/hr\/tamo-gdje-jesmo\/\",\"url\":\"https:\/\/www.seahouseinternational.net\/hr\/tamo-gdje-jesmo\/\",\"name\":\"Tamo gdje jesmo - Apartmani Sea House u Lo\u0161inju, Hrvatska\",\"isPartOf\":{\"@id\":\"https:\/\/www.seahouseinternational.net\/hr\/#website\"},\"datePublished\":\"2021-02-22T11:45:24+00:00\",\"dateModified\":\"2021-02-24T13:53:31+00:00\",\"breadcrumb\":{\"@id\":\"https:\/\/www.seahouseinternational.net\/hr\/tamo-gdje-jesmo\/#breadcrumb\"},\"inLanguage\":\"hr\",\"potentialAction\":[{\"@type\":\"ReadAction\",\"target\":[\"https:\/\/www.seahouseinternational.net\/hr\/tamo-gdje-jesmo\/\"]}]},{\"@type\":\"BreadcrumbList\",\"@id\":\"https:\/\/www.seahouseinternational.net\/hr\/tamo-gdje-jesmo\/#breadcrumb\",\"itemListElement\":[{\"@type\":\"ListItem\",\"position\":1,\"name\":\"Home\",\"item\":\"https:\/\/www.seahouseinternational.net\/hr\/\"},{\"@type\":\"ListItem\",\"position\":2,\"name\":\"Tamo gdje jesmo\"}]},{\"@type\":\"WebSite\",\"@id\":\"https:\/\/www.seahouseinternational.net\/hr\/#website\",\"url\":\"https:\/\/www.seahouseinternational.net\/hr\/\",\"name\":\"Apartmani Sea House u Lo\u0161inju, Hrvatska\",\"description\":\"\",\"publisher\":{\"@id\":\"https:\/\/www.seahouseinternational.net\/hr\/#organization\"},\"potentialAction\":[{\"@type\":\"SearchAction\",\"target\":{\"@type\":\"EntryPoint\",\"urlTemplate\":\"https:\/\/www.seahouseinternational.net\/hr\/?s={search_term_string}\"},\"query-input\":{\"@type\":\"PropertyValueSpecification\",\"valueRequired\":true,\"valueName\":\"search_term_string\"}}],\"inLanguage\":\"hr\"},{\"@type\":\"Organization\",\"@id\":\"https:\/\/www.seahouseinternational.net\/hr\/#organization\",\"name\":\"Apartmani Sea House u Lo\u0161inju, Hrvatska\",\"url\":\"https:\/\/www.seahouseinternational.net\/hr\/\",\"logo\":{\"@type\":\"ImageObject\",\"inLanguage\":\"hr\",\"@id\":\"https:\/\/www.seahouseinternational.net\/hr\/#\/schema\/logo\/image\/\",\"url\":\"https:\/\/www.seahouseinternational.net\/wp-content\/uploads\/2021\/02\/logo-seahouse.png\",\"contentUrl\":\"https:\/\/www.seahouseinternational.net\/wp-content\/uploads\/2021\/02\/logo-seahouse.png\",\"width\":374,\"height\":60,\"caption\":\"Apartmani Sea House u Lo\u0161inju, Hrvatska\"},\"image\":{\"@id\":\"https:\/\/www.seahouseinternational.net\/hr\/#\/schema\/logo\/image\/\"}}]}<\/script>\n<!-- \/ Yoast SEO plugin. -->","yoast_head_json":{"title":"Tamo gdje jesmo - Apartmani Sea House u Lo\u0161inju, Hrvatska","robots":{"index":"index","follow":"follow","max-snippet":"max-snippet:-1","max-image-preview":"max-image-preview:large","max-video-preview":"max-video-preview:-1"},"canonical":"https:\/\/www.seahouseinternational.net\/hr\/tamo-gdje-jesmo\/","og_locale":"hr_HR","og_type":"article","og_title":"Tamo gdje jesmo - Apartmani Sea House u Lo\u0161inju, Hrvatska","og_url":"https:\/\/www.seahouseinternational.net\/hr\/tamo-gdje-jesmo\/","og_site_name":"Apartmani Sea House u Lo\u0161inju, Hrvatska","article_modified_time":"2021-02-24T13:53:31+00:00","twitter_card":"summary_large_image","twitter_misc":{"Procijenjeno vrijeme \u010ditanja":"1 minuta"},"schema":{"@context":"https:\/\/schema.org","@graph":[{"@type":"WebPage","@id":"https:\/\/www.seahouseinternational.net\/hr\/tamo-gdje-jesmo\/","url":"https:\/\/www.seahouseinternational.net\/hr\/tamo-gdje-jesmo\/","name":"Tamo gdje jesmo - Apartmani Sea House u Lo\u0161inju, Hrvatska","isPartOf":{"@id":"https:\/\/www.seahouseinternational.net\/hr\/#website"},"datePublished":"2021-02-22T11:45:24+00:00","dateModified":"2021-02-24T13:53:31+00:00","breadcrumb":{"@id":"https:\/\/www.seahouseinternational.net\/hr\/tamo-gdje-jesmo\/#breadcrumb"},"inLanguage":"hr","potentialAction":[{"@type":"ReadAction","target":["https:\/\/www.seahouseinternational.net\/hr\/tamo-gdje-jesmo\/"]}]},{"@type":"BreadcrumbList","@id":"https:\/\/www.seahouseinternational.net\/hr\/tamo-gdje-jesmo\/#breadcrumb","itemListElement":[{"@type":"ListItem","position":1,"name":"Home","item":"https:\/\/www.seahouseinternational.net\/hr\/"},{"@type":"ListItem","position":2,"name":"Tamo gdje jesmo"}]},{"@type":"WebSite","@id":"https:\/\/www.seahouseinternational.net\/hr\/#website","url":"https:\/\/www.seahouseinternational.net\/hr\/","name":"Apartmani Sea House u Lo\u0161inju, Hrvatska","description":"","publisher":{"@id":"https:\/\/www.seahouseinternational.net\/hr\/#organization"},"potentialAction":[{"@type":"SearchAction","target":{"@type":"EntryPoint","urlTemplate":"https:\/\/www.seahouseinternational.net\/hr\/?s={search_term_string}"},"query-input":{"@type":"PropertyValueSpecification","valueRequired":true,"valueName":"search_term_string"}}],"inLanguage":"hr"},{"@type":"Organization","@id":"https:\/\/www.seahouseinternational.net\/hr\/#organization","name":"Apartmani Sea House u Lo\u0161inju, Hrvatska","url":"https:\/\/www.seahouseinternational.net\/hr\/","logo":{"@type":"ImageObject","inLanguage":"hr","@id":"https:\/\/www.seahouseinternational.net\/hr\/#\/schema\/logo\/image\/","url":"https:\/\/www.seahouseinternational.net\/wp-content\/uploads\/2021\/02\/logo-seahouse.png","contentUrl":"https:\/\/www.seahouseinternational.net\/wp-content\/uploads\/2021\/02\/logo-seahouse.png","width":374,"height":60,"caption":"Apartmani Sea House u Lo\u0161inju, Hrvatska"},"image":{"@id":"https:\/\/www.seahouseinternational.net\/hr\/#\/schema\/logo\/image\/"}}]}},"coauthors":[],"author_meta":{"author_link":"https:\/\/www.seahouseinternational.net\/hr\/author\/se4-h0s3\/","display_name":"se4-h0s3"},"relative_dates":{"created":"Posted 5 godina ago","modified":"Updated 5 godina ago"},"absolute_dates":{"created":"Posted on 22 velja\u010de 2021","modified":"Updated on 24 velja\u010de 2021"},"absolute_dates_time":{"created":"Posted on 22 velja\u010de 2021 12:45","modified":"Updated on 24 velja\u010de 2021 14:53"},"featured_img_caption":"","featured_img":false,"series_order":"","_links":{"self":[{"href":"https:\/\/www.seahouseinternational.net\/hr\/wp-json\/wp\/v2\/pages\/2322","targetHints":{"allow":["GET"]}}],"collection":[{"href":"https:\/\/www.seahouseinternational.net\/hr\/wp-json\/wp\/v2\/pages"}],"about":[{"href":"https:\/\/www.seahouseinternational.net\/hr\/wp-json\/wp\/v2\/types\/page"}],"author":[{"embeddable":true,"href":"https:\/\/www.seahouseinternational.net\/hr\/wp-json\/wp\/v2\/users\/1"}],"replies":[{"embeddable":true,"href":"https:\/\/www.seahouseinternational.net\/hr\/wp-json\/wp\/v2\/comments?post=2322"}],"version-history":[{"count":0,"href":"https:\/\/www.seahouseinternational.net\/hr\/wp-json\/wp\/v2\/pages\/2322\/revisions"}],"wp:attachment":[{"href":"https:\/\/www.seahouseinternational.net\/hr\/wp-json\/wp\/v2\/media?parent=2322"}],"curies":[{"name":"wp","href":"https:\/\/api.w.org\/{rel}","templated":true}]}}