{"id":2302,"date":"2021-02-22T11:52:55","date_gmt":"2021-02-22T10:52:55","guid":{"rendered":"https:\/\/www.seahouseinternational.net\/?page_id=2302"},"modified":"2021-02-22T11:52:56","modified_gmt":"2021-02-22T10:52:56","slug":"siguran-odmor-iz-snova","status":"publish","type":"page","link":"https:\/\/www.seahouseinternational.net\/hr\/siguran-odmor-iz-snova\/","title":{"rendered":"Siguran odmor iz snova"},"content":{"rendered":"<div  class=\"grids-section grids-is-advanced\" style=\"--_gs-gap-desktop:0px 0px;--_gs-m-desktop:0 0 0 0;--_gs-p-desktop:30px 0 0 0;--_gs-bg-desktop:transparent none;--_gs-bg-xp-desktop:0px;--_gs-zi-desktop:auto;--_gs-d-desktop:block;--_gs-mw-desktop:calc(100% - 0 - 0);--_gs-gap-tablet:0px 0px;--_gs-m-tablet:0 0 0 0;--_gs-p-tablet:30px 0 0 0;--_gs-bg-tablet:transparent none;--_gs-bg-xp-tablet:0px;--_gs-zi-tablet:auto;--_gs-d-tablet:block;--_gs-mw-tablet:calc(100% - 0 - 0);--_gs-gap-mobile:0px 0px;--_gs-m-mobile:0 0 0 0;--_gs-p-mobile:30px 0 0 0;--_gs-bg-mobile:transparent none;--_gs-bg-xp-mobile:0px;--_gs-zi-mobile:auto;--_gs-d-mobile:block;--_gs-mw-mobile:calc(100% - 0 - 0);--_gs-columns:12;--_gs-rows:6\"><div class=\"grids-s-w_i\">\n<div class=\"grids-area\" style=\"--_ga-column:2\/8;--_ga-row:1\/2;--_ga-m-desktop:0 0 0 0;--_ga-p-desktop:0 0 0 0;--_ga-bg-desktop:transparent none;--_ga-zi-desktop:auto;--_ga-d-desktop:flex;--_ga-mw-desktop:calc(100% - 0 - 0);--_ga-m-tablet:0 0 0 0;--_ga-p-tablet:0 0 0 0;--_ga-bg-tablet:transparent none;--_ga-zi-tablet:auto;--_ga-d-tablet:flex;--_ga-mw-tablet:calc(100% - 0 - 0);--_ga-m-mobile:0 0 0 0;--_ga-p-mobile:0 0 0 0;--_ga-bg-mobile:transparent none;--_ga-zi-mobile:auto;--_ga-d-mobile:flex;--_ga-mw-mobile:calc(100% - 0 - 0)\">\n\n<h2 class=\"wp-block-heading\"><i style=\"color:#4CC9DC;\" class=\"fad fa-hand-sparkles\"><\/i>&nbsp;&nbsp;Va\u0161 smje\u0161taj<\/h2>\n\n\n\n<p>Prije va\u0161eg dolaska se\u00a0<strong>podovi dezinficiraju<\/strong>\u00a0sredstvima za \u010di\u0161\u0107enje na bazi klora.<br><strong>Kvake, tipkala i druge povr\u0161ine<\/strong>\u00a0se dezinficiraju sredstvima za \u010di\u0161\u0107enje na bazi alkohola.<br><strong>Va\u017enije mjere dezinfekcije<\/strong>\u00a0filtera zraka i grijanja se upisuju u poseban registar.<\/p>\n\n<\/div>\n<\/div><\/div>","protected":false},"excerpt":{"rendered":"","protected":false},"author":1,"featured_media":0,"parent":0,"menu_order":0,"comment_status":"closed","ping_status":"closed","template":"","meta":{"_acf_changed":false,"advgb_blocks_editor_width":"","advgb_blocks_columns_visual_guide":"","footnotes":""},"class_list":["post-2302","page","type-page","status-publish","hentry","entry"],"acf":[],"yoast_head":"<!-- This site is optimized with the Yoast SEO plugin v25.3.1 - https:\/\/yoast.com\/wordpress\/plugins\/seo\/ -->\n<title>Siguran odmor iz snova - Apartmani Sea House u Lo\u0161inju, Hrvatska<\/title>\n<meta name=\"description\" content=\"Prije va\u0161eg dolaska se podovi dezinficiraju sredstvima za \u010di\u0161\u0107enje na bazi klora...\" \/>\n<meta name=\"robots\" content=\"index, follow, max-snippet:-1, max-image-preview:large, max-video-preview:-1\" \/>\n<link rel=\"canonical\" href=\"https:\/\/www.seahouseinternational.net\/hr\/siguran-odmor-iz-snova\/\" \/>\n<meta property=\"og:locale\" content=\"hr_HR\" \/>\n<meta property=\"og:type\" content=\"article\" \/>\n<meta property=\"og:title\" content=\"Siguran odmor iz snova - Apartmani Sea House u Lo\u0161inju, Hrvatska\" \/>\n<meta property=\"og:description\" content=\"Prije va\u0161eg dolaska se podovi dezinficiraju sredstvima za \u010di\u0161\u0107enje na bazi klora...\" \/>\n<meta property=\"og:url\" content=\"https:\/\/www.seahouseinternational.net\/hr\/siguran-odmor-iz-snova\/\" \/>\n<meta property=\"og:site_name\" content=\"Apartmani Sea House u Lo\u0161inju, Hrvatska\" \/>\n<meta property=\"article:modified_time\" content=\"2021-02-22T10:52:56+00:00\" \/>\n<meta name=\"twitter:card\" content=\"summary_large_image\" \/>\n<meta name=\"twitter:label1\" content=\"Procijenjeno vrijeme \u010ditanja\" \/>\n\t<meta name=\"twitter:data1\" content=\"1 minuta\" \/>\n<script type=\"application\/ld+json\" class=\"yoast-schema-graph\">{\"@context\":\"https:\/\/schema.org\",\"@graph\":[{\"@type\":\"WebPage\",\"@id\":\"https:\/\/www.seahouseinternational.net\/hr\/siguran-odmor-iz-snova\/\",\"url\":\"https:\/\/www.seahouseinternational.net\/hr\/siguran-odmor-iz-snova\/\",\"name\":\"Siguran odmor iz snova - Apartmani Sea House u Lo\u0161inju, Hrvatska\",\"isPartOf\":{\"@id\":\"https:\/\/www.seahouseinternational.net\/hr\/#website\"},\"datePublished\":\"2021-02-22T10:52:55+00:00\",\"dateModified\":\"2021-02-22T10:52:56+00:00\",\"description\":\"Prije va\u0161eg dolaska se podovi dezinficiraju sredstvima za \u010di\u0161\u0107enje na bazi klora...\",\"breadcrumb\":{\"@id\":\"https:\/\/www.seahouseinternational.net\/hr\/siguran-odmor-iz-snova\/#breadcrumb\"},\"inLanguage\":\"hr\",\"potentialAction\":[{\"@type\":\"ReadAction\",\"target\":[\"https:\/\/www.seahouseinternational.net\/hr\/siguran-odmor-iz-snova\/\"]}]},{\"@type\":\"BreadcrumbList\",\"@id\":\"https:\/\/www.seahouseinternational.net\/hr\/siguran-odmor-iz-snova\/#breadcrumb\",\"itemListElement\":[{\"@type\":\"ListItem\",\"position\":1,\"name\":\"Home\",\"item\":\"https:\/\/www.seahouseinternational.net\/hr\/\"},{\"@type\":\"ListItem\",\"position\":2,\"name\":\"Siguran odmor iz snova\"}]},{\"@type\":\"WebSite\",\"@id\":\"https:\/\/www.seahouseinternational.net\/hr\/#website\",\"url\":\"https:\/\/www.seahouseinternational.net\/hr\/\",\"name\":\"Apartmani Sea House u Lo\u0161inju, Hrvatska\",\"description\":\"\",\"publisher\":{\"@id\":\"https:\/\/www.seahouseinternational.net\/hr\/#organization\"},\"potentialAction\":[{\"@type\":\"SearchAction\",\"target\":{\"@type\":\"EntryPoint\",\"urlTemplate\":\"https:\/\/www.seahouseinternational.net\/hr\/?s={search_term_string}\"},\"query-input\":{\"@type\":\"PropertyValueSpecification\",\"valueRequired\":true,\"valueName\":\"search_term_string\"}}],\"inLanguage\":\"hr\"},{\"@type\":\"Organization\",\"@id\":\"https:\/\/www.seahouseinternational.net\/hr\/#organization\",\"name\":\"Apartmani Sea House u Lo\u0161inju, Hrvatska\",\"url\":\"https:\/\/www.seahouseinternational.net\/hr\/\",\"logo\":{\"@type\":\"ImageObject\",\"inLanguage\":\"hr\",\"@id\":\"https:\/\/www.seahouseinternational.net\/hr\/#\/schema\/logo\/image\/\",\"url\":\"https:\/\/www.seahouseinternational.net\/wp-content\/uploads\/2021\/02\/logo-seahouse.png\",\"contentUrl\":\"https:\/\/www.seahouseinternational.net\/wp-content\/uploads\/2021\/02\/logo-seahouse.png\",\"width\":374,\"height\":60,\"caption\":\"Apartmani Sea House u Lo\u0161inju, Hrvatska\"},\"image\":{\"@id\":\"https:\/\/www.seahouseinternational.net\/hr\/#\/schema\/logo\/image\/\"}}]}<\/script>\n<!-- \/ Yoast SEO plugin. -->","yoast_head_json":{"title":"Siguran odmor iz snova - Apartmani Sea House u Lo\u0161inju, Hrvatska","description":"Prije va\u0161eg dolaska se podovi dezinficiraju sredstvima za \u010di\u0161\u0107enje na bazi klora...","robots":{"index":"index","follow":"follow","max-snippet":"max-snippet:-1","max-image-preview":"max-image-preview:large","max-video-preview":"max-video-preview:-1"},"canonical":"https:\/\/www.seahouseinternational.net\/hr\/siguran-odmor-iz-snova\/","og_locale":"hr_HR","og_type":"article","og_title":"Siguran odmor iz snova - Apartmani Sea House u Lo\u0161inju, Hrvatska","og_description":"Prije va\u0161eg dolaska se podovi dezinficiraju sredstvima za \u010di\u0161\u0107enje na bazi klora...","og_url":"https:\/\/www.seahouseinternational.net\/hr\/siguran-odmor-iz-snova\/","og_site_name":"Apartmani Sea House u Lo\u0161inju, Hrvatska","article_modified_time":"2021-02-22T10:52:56+00:00","twitter_card":"summary_large_image","twitter_misc":{"Procijenjeno vrijeme \u010ditanja":"1 minuta"},"schema":{"@context":"https:\/\/schema.org","@graph":[{"@type":"WebPage","@id":"https:\/\/www.seahouseinternational.net\/hr\/siguran-odmor-iz-snova\/","url":"https:\/\/www.seahouseinternational.net\/hr\/siguran-odmor-iz-snova\/","name":"Siguran odmor iz snova - Apartmani Sea House u Lo\u0161inju, Hrvatska","isPartOf":{"@id":"https:\/\/www.seahouseinternational.net\/hr\/#website"},"datePublished":"2021-02-22T10:52:55+00:00","dateModified":"2021-02-22T10:52:56+00:00","description":"Prije va\u0161eg dolaska se podovi dezinficiraju sredstvima za \u010di\u0161\u0107enje na bazi klora...","breadcrumb":{"@id":"https:\/\/www.seahouseinternational.net\/hr\/siguran-odmor-iz-snova\/#breadcrumb"},"inLanguage":"hr","potentialAction":[{"@type":"ReadAction","target":["https:\/\/www.seahouseinternational.net\/hr\/siguran-odmor-iz-snova\/"]}]},{"@type":"BreadcrumbList","@id":"https:\/\/www.seahouseinternational.net\/hr\/siguran-odmor-iz-snova\/#breadcrumb","itemListElement":[{"@type":"ListItem","position":1,"name":"Home","item":"https:\/\/www.seahouseinternational.net\/hr\/"},{"@type":"ListItem","position":2,"name":"Siguran odmor iz snova"}]},{"@type":"WebSite","@id":"https:\/\/www.seahouseinternational.net\/hr\/#website","url":"https:\/\/www.seahouseinternational.net\/hr\/","name":"Apartmani Sea House u Lo\u0161inju, Hrvatska","description":"","publisher":{"@id":"https:\/\/www.seahouseinternational.net\/hr\/#organization"},"potentialAction":[{"@type":"SearchAction","target":{"@type":"EntryPoint","urlTemplate":"https:\/\/www.seahouseinternational.net\/hr\/?s={search_term_string}"},"query-input":{"@type":"PropertyValueSpecification","valueRequired":true,"valueName":"search_term_string"}}],"inLanguage":"hr"},{"@type":"Organization","@id":"https:\/\/www.seahouseinternational.net\/hr\/#organization","name":"Apartmani Sea House u Lo\u0161inju, Hrvatska","url":"https:\/\/www.seahouseinternational.net\/hr\/","logo":{"@type":"ImageObject","inLanguage":"hr","@id":"https:\/\/www.seahouseinternational.net\/hr\/#\/schema\/logo\/image\/","url":"https:\/\/www.seahouseinternational.net\/wp-content\/uploads\/2021\/02\/logo-seahouse.png","contentUrl":"https:\/\/www.seahouseinternational.net\/wp-content\/uploads\/2021\/02\/logo-seahouse.png","width":374,"height":60,"caption":"Apartmani Sea House u Lo\u0161inju, Hrvatska"},"image":{"@id":"https:\/\/www.seahouseinternational.net\/hr\/#\/schema\/logo\/image\/"}}]}},"coauthors":[],"author_meta":{"author_link":"https:\/\/www.seahouseinternational.net\/hr\/author\/se4-h0s3\/","display_name":"se4-h0s3"},"relative_dates":{"created":"Posted 5 godina ago","modified":"Updated 5 godina ago"},"absolute_dates":{"created":"Posted on 22 velja\u010de 2021","modified":"Updated on 22 velja\u010de 2021"},"absolute_dates_time":{"created":"Posted on 22 velja\u010de 2021 11:52","modified":"Updated on 22 velja\u010de 2021 11:52"},"featured_img_caption":"","featured_img":false,"series_order":"","_links":{"self":[{"href":"https:\/\/www.seahouseinternational.net\/hr\/wp-json\/wp\/v2\/pages\/2302","targetHints":{"allow":["GET"]}}],"collection":[{"href":"https:\/\/www.seahouseinternational.net\/hr\/wp-json\/wp\/v2\/pages"}],"about":[{"href":"https:\/\/www.seahouseinternational.net\/hr\/wp-json\/wp\/v2\/types\/page"}],"author":[{"embeddable":true,"href":"https:\/\/www.seahouseinternational.net\/hr\/wp-json\/wp\/v2\/users\/1"}],"replies":[{"embeddable":true,"href":"https:\/\/www.seahouseinternational.net\/hr\/wp-json\/wp\/v2\/comments?post=2302"}],"version-history":[{"count":0,"href":"https:\/\/www.seahouseinternational.net\/hr\/wp-json\/wp\/v2\/pages\/2302\/revisions"}],"wp:attachment":[{"href":"https:\/\/www.seahouseinternational.net\/hr\/wp-json\/wp\/v2\/media?parent=2302"}],"curies":[{"name":"wp","href":"https:\/\/api.w.org\/{rel}","templated":true}]}}