{"id":2610,"date":"2021-02-18T16:13:16","date_gmt":"2021-02-18T15:13:16","guid":{"rendered":"https:\/\/www.seahouseinternational.net\/dati-societari\/"},"modified":"2021-02-24T12:01:58","modified_gmt":"2021-02-24T11:01:58","slug":"info-entreprise","status":"publish","type":"page","link":"https:\/\/www.seahouseinternational.net\/fr\/info-entreprise\/","title":{"rendered":"Info entreprise"},"content":{"rendered":"<div  class=\"grids-section grids-is-stretch\" style=\"--_gs-gap-desktop:0px 0px;--_gs-m-desktop:0 0 0 0;--_gs-p-desktop:0 0 0 0;--_gs-bg-desktop:transparent none;--_gs-bg-xp-desktop:0px;--_gs-zi-desktop:auto;--_gs-d-desktop:block;--_gs-mw-desktop:calc(100% - 0 - 0);--_gs-gap-tablet:0px 0px;--_gs-m-tablet:0 0 0 0;--_gs-p-tablet:0 0 0 0;--_gs-bg-tablet:transparent none;--_gs-bg-xp-tablet:0px;--_gs-zi-tablet:auto;--_gs-d-tablet:block;--_gs-mw-tablet:calc(100% - 0 - 0);--_gs-gap-mobile:0px 0px;--_gs-m-mobile:0 0 0 0;--_gs-p-mobile:0 0 0 0;--_gs-bg-mobile:transparent none;--_gs-bg-xp-mobile:0px;--_gs-zi-mobile:auto;--_gs-d-mobile:block;--_gs-mw-mobile:calc(100% - 0 - 0);--_gs-columns:1;--_gs-rows:1\"><div class=\"grids-s-w_i\">\n<div class=\"grids-area\" style=\"--_ga-column:1\/2;--_ga-row:1\/2;--_ga-m-desktop:0 0 0 0;--_ga-p-desktop:0 50px 0 50px;--_ga-bg-desktop:transparent none;--_ga-zi-desktop:auto;--_ga-d-desktop:flex;--_ga-mw-desktop:calc(100% - 0 - 0);--_ga-m-tablet:0 0 0 0;--_ga-p-tablet:0 50px 0 50px;--_ga-bg-tablet:transparent none;--_ga-zi-tablet:auto;--_ga-d-tablet:flex;--_ga-mw-tablet:calc(100% - 0 - 0);--_ga-m-mobile:0 0 0 0;--_ga-p-mobile:0 20px 0 20px;--_ga-bg-mobile:transparent none;--_ga-zi-mobile:auto;--_ga-d-mobile:flex;--_ga-mw-mobile:calc(100% - 0 - 0)\">\n\n<p>S.E.R.M. d.o.o.<br><br>Jamina, 16 &#8211; 51550<br>Mali Losinj ((HR))<\/p>\n\n\n\n<p>Tel: +385 917549891<br>Mail: seahouse.vacanze@gmail.com<\/p>\n\n\n\n<p>Partita Iva: 33252278085<\/p>\n\n<\/div>\n<\/div><\/div>","protected":false},"excerpt":{"rendered":"","protected":false},"author":1,"featured_media":0,"parent":0,"menu_order":0,"comment_status":"closed","ping_status":"closed","template":"","meta":{"_acf_changed":false,"advgb_blocks_editor_width":"","advgb_blocks_columns_visual_guide":"","footnotes":""},"class_list":["post-2610","page","type-page","status-publish","hentry","entry"],"acf":[],"yoast_head":"<!-- This site is optimized with the Yoast SEO plugin v25.3.1 - https:\/\/yoast.com\/wordpress\/plugins\/seo\/ -->\n<title>Info entreprise - Sea House Apartments \u00e0 Losinj, Croatie<\/title>\n<meta name=\"robots\" content=\"index, follow, max-snippet:-1, max-image-preview:large, max-video-preview:-1\" \/>\n<link rel=\"canonical\" href=\"https:\/\/www.seahouseinternational.net\/fr\/info-entreprise\/\" \/>\n<meta property=\"og:locale\" content=\"fr_FR\" \/>\n<meta property=\"og:type\" content=\"article\" \/>\n<meta property=\"og:title\" content=\"Info entreprise - Sea House Apartments \u00e0 Losinj, Croatie\" \/>\n<meta property=\"og:url\" content=\"https:\/\/www.seahouseinternational.net\/fr\/info-entreprise\/\" \/>\n<meta property=\"og:site_name\" content=\"Sea House Apartments \u00e0 Losinj, Croatie\" \/>\n<meta property=\"article:modified_time\" content=\"2021-02-24T11:01:58+00:00\" \/>\n<meta name=\"twitter:card\" content=\"summary_large_image\" \/>\n<script type=\"application\/ld+json\" class=\"yoast-schema-graph\">{\"@context\":\"https:\/\/schema.org\",\"@graph\":[{\"@type\":\"WebPage\",\"@id\":\"https:\/\/www.seahouseinternational.net\/fr\/info-entreprise\/\",\"url\":\"https:\/\/www.seahouseinternational.net\/fr\/info-entreprise\/\",\"name\":\"Info entreprise - Sea House Apartments \u00e0 Losinj, Croatie\",\"isPartOf\":{\"@id\":\"https:\/\/www.seahouseinternational.net\/fr\/#website\"},\"datePublished\":\"2021-02-18T15:13:16+00:00\",\"dateModified\":\"2021-02-24T11:01:58+00:00\",\"breadcrumb\":{\"@id\":\"https:\/\/www.seahouseinternational.net\/fr\/info-entreprise\/#breadcrumb\"},\"inLanguage\":\"fr-FR\",\"potentialAction\":[{\"@type\":\"ReadAction\",\"target\":[\"https:\/\/www.seahouseinternational.net\/fr\/info-entreprise\/\"]}]},{\"@type\":\"BreadcrumbList\",\"@id\":\"https:\/\/www.seahouseinternational.net\/fr\/info-entreprise\/#breadcrumb\",\"itemListElement\":[{\"@type\":\"ListItem\",\"position\":1,\"name\":\"Home\",\"item\":\"https:\/\/www.seahouseinternational.net\/fr\/\"},{\"@type\":\"ListItem\",\"position\":2,\"name\":\"Info entreprise\"}]},{\"@type\":\"WebSite\",\"@id\":\"https:\/\/www.seahouseinternational.net\/fr\/#website\",\"url\":\"https:\/\/www.seahouseinternational.net\/fr\/\",\"name\":\"Sea House Apartments \u00e0 Losinj, Croatie\",\"description\":\"\",\"publisher\":{\"@id\":\"https:\/\/www.seahouseinternational.net\/fr\/#organization\"},\"potentialAction\":[{\"@type\":\"SearchAction\",\"target\":{\"@type\":\"EntryPoint\",\"urlTemplate\":\"https:\/\/www.seahouseinternational.net\/fr\/?s={search_term_string}\"},\"query-input\":{\"@type\":\"PropertyValueSpecification\",\"valueRequired\":true,\"valueName\":\"search_term_string\"}}],\"inLanguage\":\"fr-FR\"},{\"@type\":\"Organization\",\"@id\":\"https:\/\/www.seahouseinternational.net\/fr\/#organization\",\"name\":\"Sea House Apartments \u00e0 Losinj, Croatie\",\"url\":\"https:\/\/www.seahouseinternational.net\/fr\/\",\"logo\":{\"@type\":\"ImageObject\",\"inLanguage\":\"fr-FR\",\"@id\":\"https:\/\/www.seahouseinternational.net\/fr\/#\/schema\/logo\/image\/\",\"url\":\"https:\/\/www.seahouseinternational.net\/wp-content\/uploads\/2021\/02\/logo-seahouse.png\",\"contentUrl\":\"https:\/\/www.seahouseinternational.net\/wp-content\/uploads\/2021\/02\/logo-seahouse.png\",\"width\":374,\"height\":60,\"caption\":\"Sea House Apartments \u00e0 Losinj, Croatie\"},\"image\":{\"@id\":\"https:\/\/www.seahouseinternational.net\/fr\/#\/schema\/logo\/image\/\"}}]}<\/script>\n<!-- \/ Yoast SEO plugin. -->","yoast_head_json":{"title":"Info entreprise - Sea House Apartments \u00e0 Losinj, Croatie","robots":{"index":"index","follow":"follow","max-snippet":"max-snippet:-1","max-image-preview":"max-image-preview:large","max-video-preview":"max-video-preview:-1"},"canonical":"https:\/\/www.seahouseinternational.net\/fr\/info-entreprise\/","og_locale":"fr_FR","og_type":"article","og_title":"Info entreprise - Sea House Apartments \u00e0 Losinj, Croatie","og_url":"https:\/\/www.seahouseinternational.net\/fr\/info-entreprise\/","og_site_name":"Sea House Apartments \u00e0 Losinj, Croatie","article_modified_time":"2021-02-24T11:01:58+00:00","twitter_card":"summary_large_image","schema":{"@context":"https:\/\/schema.org","@graph":[{"@type":"WebPage","@id":"https:\/\/www.seahouseinternational.net\/fr\/info-entreprise\/","url":"https:\/\/www.seahouseinternational.net\/fr\/info-entreprise\/","name":"Info entreprise - Sea House Apartments \u00e0 Losinj, Croatie","isPartOf":{"@id":"https:\/\/www.seahouseinternational.net\/fr\/#website"},"datePublished":"2021-02-18T15:13:16+00:00","dateModified":"2021-02-24T11:01:58+00:00","breadcrumb":{"@id":"https:\/\/www.seahouseinternational.net\/fr\/info-entreprise\/#breadcrumb"},"inLanguage":"fr-FR","potentialAction":[{"@type":"ReadAction","target":["https:\/\/www.seahouseinternational.net\/fr\/info-entreprise\/"]}]},{"@type":"BreadcrumbList","@id":"https:\/\/www.seahouseinternational.net\/fr\/info-entreprise\/#breadcrumb","itemListElement":[{"@type":"ListItem","position":1,"name":"Home","item":"https:\/\/www.seahouseinternational.net\/fr\/"},{"@type":"ListItem","position":2,"name":"Info entreprise"}]},{"@type":"WebSite","@id":"https:\/\/www.seahouseinternational.net\/fr\/#website","url":"https:\/\/www.seahouseinternational.net\/fr\/","name":"Sea House Apartments \u00e0 Losinj, Croatie","description":"","publisher":{"@id":"https:\/\/www.seahouseinternational.net\/fr\/#organization"},"potentialAction":[{"@type":"SearchAction","target":{"@type":"EntryPoint","urlTemplate":"https:\/\/www.seahouseinternational.net\/fr\/?s={search_term_string}"},"query-input":{"@type":"PropertyValueSpecification","valueRequired":true,"valueName":"search_term_string"}}],"inLanguage":"fr-FR"},{"@type":"Organization","@id":"https:\/\/www.seahouseinternational.net\/fr\/#organization","name":"Sea House Apartments \u00e0 Losinj, Croatie","url":"https:\/\/www.seahouseinternational.net\/fr\/","logo":{"@type":"ImageObject","inLanguage":"fr-FR","@id":"https:\/\/www.seahouseinternational.net\/fr\/#\/schema\/logo\/image\/","url":"https:\/\/www.seahouseinternational.net\/wp-content\/uploads\/2021\/02\/logo-seahouse.png","contentUrl":"https:\/\/www.seahouseinternational.net\/wp-content\/uploads\/2021\/02\/logo-seahouse.png","width":374,"height":60,"caption":"Sea House Apartments \u00e0 Losinj, Croatie"},"image":{"@id":"https:\/\/www.seahouseinternational.net\/fr\/#\/schema\/logo\/image\/"}}]}},"coauthors":[],"author_meta":{"author_link":"https:\/\/www.seahouseinternational.net\/fr\/author\/se4-h0s3\/","display_name":"se4-h0s3"},"relative_dates":{"created":"Publi\u00e9 5 ans il y a","modified":"Mis \u00e0 jour 5 ans il y a"},"absolute_dates":{"created":"Publi\u00e9 le 18 f\u00e9vrier 2021","modified":"Mise \u00e0 jour le 24 f\u00e9vrier 2021"},"absolute_dates_time":{"created":"Publi\u00e9 le 18 f\u00e9vrier 2021 16:13","modified":"Mise \u00e0 jour le 24 f\u00e9vrier 2021 12:01"},"featured_img_caption":"","featured_img":false,"series_order":"","_links":{"self":[{"href":"https:\/\/www.seahouseinternational.net\/fr\/wp-json\/wp\/v2\/pages\/2610","targetHints":{"allow":["GET"]}}],"collection":[{"href":"https:\/\/www.seahouseinternational.net\/fr\/wp-json\/wp\/v2\/pages"}],"about":[{"href":"https:\/\/www.seahouseinternational.net\/fr\/wp-json\/wp\/v2\/types\/page"}],"author":[{"embeddable":true,"href":"https:\/\/www.seahouseinternational.net\/fr\/wp-json\/wp\/v2\/users\/1"}],"replies":[{"embeddable":true,"href":"https:\/\/www.seahouseinternational.net\/fr\/wp-json\/wp\/v2\/comments?post=2610"}],"version-history":[{"count":0,"href":"https:\/\/www.seahouseinternational.net\/fr\/wp-json\/wp\/v2\/pages\/2610\/revisions"}],"wp:attachment":[{"href":"https:\/\/www.seahouseinternational.net\/fr\/wp-json\/wp\/v2\/media?parent=2610"}],"curies":[{"name":"wp","href":"https:\/\/api.w.org\/{rel}","templated":true}]}}