{"id":2144,"date":"2021-02-19T15:21:24","date_gmt":"2021-02-19T14:21:24","guid":{"rendered":"https:\/\/www.seahouseinternational.net\/?page_id=2144"},"modified":"2021-02-19T15:21:24","modified_gmt":"2021-02-19T14:21:24","slug":"terms-and-conditions","status":"publish","type":"page","link":"https:\/\/www.seahouseinternational.net\/fr\/terms-and-conditions\/","title":{"rendered":"Terms and conditions"},"content":{"rendered":"<div  id=\"norme-sulle-prenotazioni\" class=\"grids-section grids-is-advanced\" style=\"--_gs-gap-desktop:0px 0px;--_gs-m-desktop:0 0 0 0;--_gs-p-desktop:30px 0 30px 0;--_gs-bg-desktop:transparent none;--_gs-bg-xp-desktop:0px;--_gs-zi-desktop:auto;--_gs-d-desktop:block;--_gs-mw-desktop:calc(100% - 0 - 0);--_gs-gap-tablet:0px 0px;--_gs-m-tablet:0 0 0 0;--_gs-p-tablet:30px 0 30px 0;--_gs-bg-tablet:transparent none;--_gs-bg-xp-tablet:0px;--_gs-zi-tablet:auto;--_gs-d-tablet:block;--_gs-mw-tablet:calc(100% - 0 - 0);--_gs-gap-mobile:0px 0px;--_gs-m-mobile:0 0 0 0;--_gs-p-mobile:30px 0 30px 0;--_gs-bg-mobile:transparent none;--_gs-bg-xp-mobile:0px;--_gs-zi-mobile:auto;--_gs-d-mobile:block;--_gs-mw-mobile:calc(100% - 0 - 0);--_gs-columns:12;--_gs-rows:6\"><div class=\"grids-s-w_i\">\n<div class=\"grids-area\" style=\"--_ga-column:2\/7;--_ga-row:1\/2;--_ga-m-desktop:0 0 0 0;--_ga-p-desktop:0 0 0 0;--_ga-bg-desktop:transparent none;--_ga-zi-desktop:auto;--_ga-d-desktop:flex;--_ga-mw-desktop:calc(100% - 0 - 0);--_ga-m-tablet:0 0 0 0;--_ga-p-tablet:0 0 0 0;--_ga-bg-tablet:transparent none;--_ga-zi-tablet:auto;--_ga-d-tablet:flex;--_ga-mw-tablet:calc(100% - 0 - 0);--_ga-m-mobile:0 0 0 0;--_ga-p-mobile:0 0 0 0;--_ga-bg-mobile:transparent none;--_ga-zi-mobile:auto;--_ga-d-mobile:flex;--_ga-mw-mobile:calc(100% - 0 - 0)\">\n\n<h2 class=\"wp-block-heading\">Booking policy<\/h2>\n\n\n<div  class=\"grids-section grids-is-stretch\" style=\"--_gs-gap-desktop:0px 0px;--_gs-m-desktop:0 0 0 0;--_gs-p-desktop:0 0 0 0;--_gs-bg-desktop:transparent none;--_gs-bg-xp-desktop:0px;--_gs-zi-desktop:auto;--_gs-d-desktop:block;--_gs-mw-desktop:calc(100% - 0 - 0);--_gs-gap-tablet:0px 0px;--_gs-m-tablet:0 0 0 0;--_gs-p-tablet:0 0 0 0;--_gs-bg-tablet:transparent none;--_gs-bg-xp-tablet:0px;--_gs-zi-tablet:auto;--_gs-d-tablet:block;--_gs-mw-tablet:calc(100% - 0 - 0);--_gs-gap-mobile:0px 0px;--_gs-m-mobile:0 0 0 0;--_gs-p-mobile:0 0 0 0;--_gs-bg-mobile:transparent none;--_gs-bg-xp-mobile:0px;--_gs-zi-mobile:auto;--_gs-d-mobile:block;--_gs-mw-mobile:calc(100% - 0 - 0);--_gs-columns:2;--_gs-rows:1\"><div class=\"grids-s-w_i\">\n<div class=\"grids-area\" style=\"--_ga-column:1\/2;--_ga-row:1\/2;--_ga-m-desktop:0 0 0 0;--_ga-p-desktop:0 0 0 0;--_ga-bg-desktop:transparent none;--_ga-zi-desktop:auto;--_ga-d-desktop:flex;--_ga-mw-desktop:calc(100% - 0 - 0);--_ga-m-tablet:0 0 0 0;--_ga-p-tablet:0 0 0 0;--_ga-bg-tablet:transparent none;--_ga-zi-tablet:auto;--_ga-d-tablet:flex;--_ga-mw-tablet:calc(100% - 0 - 0);--_ga-m-mobile:0 0 0 0;--_ga-p-mobile:0 0 0 0;--_ga-bg-mobile:transparent none;--_ga-zi-mobile:auto;--_ga-d-mobile:flex;--_ga-mw-mobile:calc(100% - 0 - 0)\">\n\n<p><span style=\"color:#aeaeae\" class=\"has-inline-color\">Check-in:<\/span> 04:00 PM<\/p>\n\n<\/div>\n\n<div class=\"grids-area\" style=\"--_ga-column:2\/3;--_ga-row:1\/2;--_ga-m-desktop:0 0 0 0;--_ga-p-desktop:0 0 0 0;--_ga-bg-desktop:transparent none;--_ga-zi-desktop:auto;--_ga-d-desktop:flex;--_ga-mw-desktop:calc(100% - 0 - 0);--_ga-m-tablet:0 0 0 0;--_ga-p-tablet:0 0 0 0;--_ga-bg-tablet:transparent none;--_ga-zi-tablet:auto;--_ga-d-tablet:flex;--_ga-mw-tablet:calc(100% - 0 - 0);--_ga-m-mobile:0 0 0 0;--_ga-p-mobile:0 0 0 0;--_ga-bg-mobile:transparent none;--_ga-zi-mobile:auto;--_ga-d-mobile:flex;--_ga-mw-mobile:calc(100% - 0 - 0)\">\n\n<p><span style=\"color:#aeaeae\" class=\"has-inline-color\">Check-out:<\/span> 10:00 AM<\/p>\n\n<\/div>\n<\/div><\/div>\n\n\n<p><span style=\"color:#aeaeae\" class=\"has-inline-color\">Minimum nights:<\/span> 4 <\/p>\n\n\n\n<div style=\"height:20px\" aria-hidden=\"true\" class=\"wp-block-spacer\"><\/div>\n\n\n\n<p><strong>If the reservation is 4 days or less, there is to pay 30%&nbsp;\u200bextra&nbsp;on the total amount.&nbsp;Per info&nbsp;click&nbsp;on&nbsp;contacts.<\/strong><\/p>\n\n\n\n<p><strong><strong>The property accepts the following payment types<\/strong><\/strong><\/p>\n\n\n\n<p>&#8211; Cash (EUR HRK)<\/p>\n\n\n\n<p>&#8211; Bank transfer (carry out 4 weeks prior to arrival on site)<\/p>\n\n<\/div>\n<\/div><\/div>\n\n<div  id=\"norme-sulle-cancellazioni\" class=\"grids-section grids-is-advanced\" style=\"--_gs-gap-desktop:0px 0px;--_gs-m-desktop:0 0 0 0;--_gs-p-desktop:50px 0 50px 0;--_gs-bg-desktop:#f8f8f8 none;--_gs-bg-xp-desktop:0px;--_gs-zi-desktop:auto;--_gs-d-desktop:block;--_gs-mw-desktop:calc(100% - 0 - 0);--_gs-gap-tablet:0px 0px;--_gs-m-tablet:0 0 0 0;--_gs-p-tablet:50px 0 50px 0;--_gs-bg-tablet:#f8f8f8 none;--_gs-bg-xp-tablet:0px;--_gs-zi-tablet:auto;--_gs-d-tablet:block;--_gs-mw-tablet:calc(100% - 0 - 0);--_gs-gap-mobile:0px 0px;--_gs-m-mobile:0 0 0 0;--_gs-p-mobile:50px 0 50px 0;--_gs-bg-mobile:#f8f8f8 none;--_gs-bg-xp-mobile:0px;--_gs-zi-mobile:auto;--_gs-d-mobile:block;--_gs-mw-mobile:calc(100% - 0 - 0);--_gs-columns:12;--_gs-rows:6\"><div class=\"grids-s-w_i\">\n<div class=\"grids-area\" style=\"--_ga-column:2\/7;--_ga-row:1\/2;--_ga-m-desktop:0 0 0 0;--_ga-p-desktop:0 0 0 0;--_ga-bg-desktop:transparent none;--_ga-zi-desktop:auto;--_ga-d-desktop:flex;--_ga-mw-desktop:calc(100% - 0 - 0);--_ga-m-tablet:0 0 0 0;--_ga-p-tablet:0 0 0 0;--_ga-bg-tablet:transparent none;--_ga-zi-tablet:auto;--_ga-d-tablet:flex;--_ga-mw-tablet:calc(100% - 0 - 0);--_ga-m-mobile:0 0 0 0;--_ga-p-mobile:0 0 0 0;--_ga-bg-mobile:transparent none;--_ga-zi-mobile:auto;--_ga-d-mobile:flex;--_ga-mw-mobile:calc(100% - 0 - 0)\">\n\n<h2 class=\"wp-block-heading\">Rules on cancellations<\/h2>\n\n\n\n<p>To confirm your stay is required to pay within and not later than 5 days of booking a deposit equal to 30% of the total amount, not refundable.<\/p>\n\n<\/div>\n<\/div><\/div>\n\n<div  id=\"tasse-e-spese-extra\" class=\"grids-section grids-is-advanced\" style=\"--_gs-gap-desktop:0px 0px;--_gs-m-desktop:0 0 0 0;--_gs-p-desktop:30px 0 30px 0;--_gs-bg-desktop:transparent none;--_gs-bg-xp-desktop:0px;--_gs-zi-desktop:auto;--_gs-d-desktop:block;--_gs-mw-desktop:calc(100% - 0 - 0);--_gs-gap-tablet:0px 0px;--_gs-m-tablet:0 0 0 0;--_gs-p-tablet:30px 0 30px 0;--_gs-bg-tablet:transparent none;--_gs-bg-xp-tablet:0px;--_gs-zi-tablet:auto;--_gs-d-tablet:block;--_gs-mw-tablet:calc(100% - 0 - 0);--_gs-gap-mobile:0px 0px;--_gs-m-mobile:0 0 0 0;--_gs-p-mobile:30px 0 30px 0;--_gs-bg-mobile:transparent none;--_gs-bg-xp-mobile:0px;--_gs-zi-mobile:auto;--_gs-d-mobile:block;--_gs-mw-mobile:calc(100% - 0 - 0);--_gs-columns:12;--_gs-rows:6\"><div class=\"grids-s-w_i\">\n<div class=\"grids-area\" style=\"--_ga-column:2\/7;--_ga-row:1\/2;--_ga-m-desktop:0 0 0 0;--_ga-p-desktop:0 0 0 0;--_ga-bg-desktop:transparent none;--_ga-zi-desktop:auto;--_ga-d-desktop:flex;--_ga-mw-desktop:calc(100% - 0 - 0);--_ga-m-tablet:0 0 0 0;--_ga-p-tablet:0 0 0 0;--_ga-bg-tablet:transparent none;--_ga-zi-tablet:auto;--_ga-d-tablet:flex;--_ga-mw-tablet:calc(100% - 0 - 0);--_ga-m-mobile:0 0 0 0;--_ga-p-mobile:0 0 0 0;--_ga-bg-mobile:transparent none;--_ga-zi-mobile:auto;--_ga-d-mobile:flex;--_ga-mw-mobile:calc(100% - 0 - 0)\">\n\n<h2 class=\"wp-block-heading\">Taxes and extra charges<\/h2>\n\n\n\n<p>Tourist tax&nbsp;is not included in the price, the costs are:<\/p>\n\n\n\n<p>0 &#8211; 12 y.o. : tax free<br>12&nbsp;&#8211;&nbsp;18 y.o. : 0.65\u20ac<br>18+ y.o. : 1.30\u20ac<\/p>\n\n\n\n<p>+ <strong>Registration tax<\/strong>: 2\u20ac&nbsp;(one&nbsp;time per person)<\/p>\n\n\n\n<p>+ <strong>Cleaning fee:<em>&nbsp;<\/em><\/strong>30\u20ac (except app.s 83 &#8211; 5 and 114 &#8211; 4\/5 that cost 45\u20ac)<\/p>\n\n\n\n<p>To confirm your stay is required to pay within and not later than 3&nbsp;days of booking a&nbsp;<strong>deposit equal to 30%<\/strong>&nbsp;of the total amount, not refundable.<\/p>\n\n<\/div>\n<\/div><\/div>","protected":false},"excerpt":{"rendered":"","protected":false},"author":1,"featured_media":1392,"parent":0,"menu_order":0,"comment_status":"closed","ping_status":"closed","template":"","meta":{"_acf_changed":false,"advgb_blocks_editor_width":"","advgb_blocks_columns_visual_guide":"","footnotes":""},"class_list":["post-2144","page","type-page","status-publish","has-post-thumbnail","hentry","entry"],"acf":[],"yoast_head":"<!-- This site is optimized with the Yoast SEO plugin v25.3.1 - https:\/\/yoast.com\/wordpress\/plugins\/seo\/ -->\n<title>Terms and conditions - Sea House Apartments \u00e0 Losinj, Croatie<\/title>\n<meta name=\"robots\" content=\"index, follow, max-snippet:-1, max-image-preview:large, max-video-preview:-1\" \/>\n<link rel=\"canonical\" href=\"https:\/\/www.seahouseinternational.net\/fr\/terms-and-conditions\/\" \/>\n<meta property=\"og:locale\" content=\"fr_FR\" \/>\n<meta property=\"og:type\" content=\"article\" \/>\n<meta property=\"og:title\" content=\"Terms and conditions - Sea House Apartments \u00e0 Losinj, Croatie\" \/>\n<meta property=\"og:url\" content=\"https:\/\/www.seahouseinternational.net\/fr\/terms-and-conditions\/\" \/>\n<meta property=\"og:site_name\" content=\"Sea House Apartments \u00e0 Losinj, Croatie\" \/>\n<meta property=\"og:image\" content=\"https:\/\/www.seahouseinternational.net\/wp-content\/uploads\/2021\/02\/SeaHouse_banner_termini_servizi.jpg\" \/>\n\t<meta property=\"og:image:width\" content=\"2200\" \/>\n\t<meta property=\"og:image:height\" content=\"657\" \/>\n\t<meta property=\"og:image:type\" content=\"image\/jpeg\" \/>\n<meta name=\"twitter:card\" content=\"summary_large_image\" \/>\n<meta name=\"twitter:label1\" content=\"Dur\u00e9e de lecture estim\u00e9e\" \/>\n\t<meta name=\"twitter:data1\" content=\"1 minute\" \/>\n<script type=\"application\/ld+json\" class=\"yoast-schema-graph\">{\"@context\":\"https:\/\/schema.org\",\"@graph\":[{\"@type\":\"WebPage\",\"@id\":\"https:\/\/www.seahouseinternational.net\/fr\/terms-and-conditions\/\",\"url\":\"https:\/\/www.seahouseinternational.net\/fr\/terms-and-conditions\/\",\"name\":\"Terms and conditions - Sea House Apartments \u00e0 Losinj, Croatie\",\"isPartOf\":{\"@id\":\"https:\/\/www.seahouseinternational.net\/fr\/#website\"},\"primaryImageOfPage\":{\"@id\":\"https:\/\/www.seahouseinternational.net\/fr\/terms-and-conditions\/#primaryimage\"},\"image\":{\"@id\":\"https:\/\/www.seahouseinternational.net\/fr\/terms-and-conditions\/#primaryimage\"},\"thumbnailUrl\":\"https:\/\/www.seahouseinternational.net\/wp-content\/uploads\/2021\/02\/SeaHouse_banner_termini_servizi.jpg\",\"datePublished\":\"2021-02-19T14:21:24+00:00\",\"breadcrumb\":{\"@id\":\"https:\/\/www.seahouseinternational.net\/fr\/terms-and-conditions\/#breadcrumb\"},\"inLanguage\":\"fr-FR\",\"potentialAction\":[{\"@type\":\"ReadAction\",\"target\":[\"https:\/\/www.seahouseinternational.net\/fr\/terms-and-conditions\/\"]}]},{\"@type\":\"ImageObject\",\"inLanguage\":\"fr-FR\",\"@id\":\"https:\/\/www.seahouseinternational.net\/fr\/terms-and-conditions\/#primaryimage\",\"url\":\"https:\/\/www.seahouseinternational.net\/wp-content\/uploads\/2021\/02\/SeaHouse_banner_termini_servizi.jpg\",\"contentUrl\":\"https:\/\/www.seahouseinternational.net\/wp-content\/uploads\/2021\/02\/SeaHouse_banner_termini_servizi.jpg\",\"width\":2200,\"height\":657},{\"@type\":\"BreadcrumbList\",\"@id\":\"https:\/\/www.seahouseinternational.net\/fr\/terms-and-conditions\/#breadcrumb\",\"itemListElement\":[{\"@type\":\"ListItem\",\"position\":1,\"name\":\"Home\",\"item\":\"https:\/\/www.seahouseinternational.net\/fr\/\"},{\"@type\":\"ListItem\",\"position\":2,\"name\":\"Terms and conditions\"}]},{\"@type\":\"WebSite\",\"@id\":\"https:\/\/www.seahouseinternational.net\/fr\/#website\",\"url\":\"https:\/\/www.seahouseinternational.net\/fr\/\",\"name\":\"Sea House Apartments \u00e0 Losinj, Croatie\",\"description\":\"\",\"publisher\":{\"@id\":\"https:\/\/www.seahouseinternational.net\/fr\/#organization\"},\"potentialAction\":[{\"@type\":\"SearchAction\",\"target\":{\"@type\":\"EntryPoint\",\"urlTemplate\":\"https:\/\/www.seahouseinternational.net\/fr\/?s={search_term_string}\"},\"query-input\":{\"@type\":\"PropertyValueSpecification\",\"valueRequired\":true,\"valueName\":\"search_term_string\"}}],\"inLanguage\":\"fr-FR\"},{\"@type\":\"Organization\",\"@id\":\"https:\/\/www.seahouseinternational.net\/fr\/#organization\",\"name\":\"Sea House Apartments \u00e0 Losinj, Croatie\",\"url\":\"https:\/\/www.seahouseinternational.net\/fr\/\",\"logo\":{\"@type\":\"ImageObject\",\"inLanguage\":\"fr-FR\",\"@id\":\"https:\/\/www.seahouseinternational.net\/fr\/#\/schema\/logo\/image\/\",\"url\":\"https:\/\/www.seahouseinternational.net\/wp-content\/uploads\/2021\/02\/logo-seahouse.png\",\"contentUrl\":\"https:\/\/www.seahouseinternational.net\/wp-content\/uploads\/2021\/02\/logo-seahouse.png\",\"width\":374,\"height\":60,\"caption\":\"Sea House Apartments \u00e0 Losinj, Croatie\"},\"image\":{\"@id\":\"https:\/\/www.seahouseinternational.net\/fr\/#\/schema\/logo\/image\/\"}}]}<\/script>\n<!-- \/ Yoast SEO plugin. -->","yoast_head_json":{"title":"Terms and conditions - Sea House Apartments \u00e0 Losinj, Croatie","robots":{"index":"index","follow":"follow","max-snippet":"max-snippet:-1","max-image-preview":"max-image-preview:large","max-video-preview":"max-video-preview:-1"},"canonical":"https:\/\/www.seahouseinternational.net\/fr\/terms-and-conditions\/","og_locale":"fr_FR","og_type":"article","og_title":"Terms and conditions - Sea House Apartments \u00e0 Losinj, Croatie","og_url":"https:\/\/www.seahouseinternational.net\/fr\/terms-and-conditions\/","og_site_name":"Sea House Apartments \u00e0 Losinj, Croatie","og_image":[{"width":2200,"height":657,"url":"https:\/\/www.seahouseinternational.net\/wp-content\/uploads\/2021\/02\/SeaHouse_banner_termini_servizi.jpg","type":"image\/jpeg"}],"twitter_card":"summary_large_image","twitter_misc":{"Dur\u00e9e de lecture estim\u00e9e":"1 minute"},"schema":{"@context":"https:\/\/schema.org","@graph":[{"@type":"WebPage","@id":"https:\/\/www.seahouseinternational.net\/fr\/terms-and-conditions\/","url":"https:\/\/www.seahouseinternational.net\/fr\/terms-and-conditions\/","name":"Terms and conditions - Sea House Apartments \u00e0 Losinj, Croatie","isPartOf":{"@id":"https:\/\/www.seahouseinternational.net\/fr\/#website"},"primaryImageOfPage":{"@id":"https:\/\/www.seahouseinternational.net\/fr\/terms-and-conditions\/#primaryimage"},"image":{"@id":"https:\/\/www.seahouseinternational.net\/fr\/terms-and-conditions\/#primaryimage"},"thumbnailUrl":"https:\/\/www.seahouseinternational.net\/wp-content\/uploads\/2021\/02\/SeaHouse_banner_termini_servizi.jpg","datePublished":"2021-02-19T14:21:24+00:00","breadcrumb":{"@id":"https:\/\/www.seahouseinternational.net\/fr\/terms-and-conditions\/#breadcrumb"},"inLanguage":"fr-FR","potentialAction":[{"@type":"ReadAction","target":["https:\/\/www.seahouseinternational.net\/fr\/terms-and-conditions\/"]}]},{"@type":"ImageObject","inLanguage":"fr-FR","@id":"https:\/\/www.seahouseinternational.net\/fr\/terms-and-conditions\/#primaryimage","url":"https:\/\/www.seahouseinternational.net\/wp-content\/uploads\/2021\/02\/SeaHouse_banner_termini_servizi.jpg","contentUrl":"https:\/\/www.seahouseinternational.net\/wp-content\/uploads\/2021\/02\/SeaHouse_banner_termini_servizi.jpg","width":2200,"height":657},{"@type":"BreadcrumbList","@id":"https:\/\/www.seahouseinternational.net\/fr\/terms-and-conditions\/#breadcrumb","itemListElement":[{"@type":"ListItem","position":1,"name":"Home","item":"https:\/\/www.seahouseinternational.net\/fr\/"},{"@type":"ListItem","position":2,"name":"Terms and conditions"}]},{"@type":"WebSite","@id":"https:\/\/www.seahouseinternational.net\/fr\/#website","url":"https:\/\/www.seahouseinternational.net\/fr\/","name":"Sea House Apartments \u00e0 Losinj, Croatie","description":"","publisher":{"@id":"https:\/\/www.seahouseinternational.net\/fr\/#organization"},"potentialAction":[{"@type":"SearchAction","target":{"@type":"EntryPoint","urlTemplate":"https:\/\/www.seahouseinternational.net\/fr\/?s={search_term_string}"},"query-input":{"@type":"PropertyValueSpecification","valueRequired":true,"valueName":"search_term_string"}}],"inLanguage":"fr-FR"},{"@type":"Organization","@id":"https:\/\/www.seahouseinternational.net\/fr\/#organization","name":"Sea House Apartments \u00e0 Losinj, Croatie","url":"https:\/\/www.seahouseinternational.net\/fr\/","logo":{"@type":"ImageObject","inLanguage":"fr-FR","@id":"https:\/\/www.seahouseinternational.net\/fr\/#\/schema\/logo\/image\/","url":"https:\/\/www.seahouseinternational.net\/wp-content\/uploads\/2021\/02\/logo-seahouse.png","contentUrl":"https:\/\/www.seahouseinternational.net\/wp-content\/uploads\/2021\/02\/logo-seahouse.png","width":374,"height":60,"caption":"Sea House Apartments \u00e0 Losinj, Croatie"},"image":{"@id":"https:\/\/www.seahouseinternational.net\/fr\/#\/schema\/logo\/image\/"}}]}},"coauthors":[],"author_meta":{"author_link":"https:\/\/www.seahouseinternational.net\/fr\/author\/se4-h0s3\/","display_name":"se4-h0s3"},"relative_dates":{"created":"Publi\u00e9 5 ans il y a","modified":"Mis \u00e0 jour 5 ans il y a"},"absolute_dates":{"created":"Publi\u00e9 le 19 f\u00e9vrier 2021","modified":"Mise \u00e0 jour le 19 f\u00e9vrier 2021"},"absolute_dates_time":{"created":"Publi\u00e9 le 19 f\u00e9vrier 2021 15:21","modified":"Mise \u00e0 jour le 19 f\u00e9vrier 2021 15:21"},"featured_img_caption":"","featured_img":"https:\/\/www.seahouseinternational.net\/wp-content\/uploads\/2021\/02\/SeaHouse_banner_termini_servizi-1568x468.jpg","series_order":"","_links":{"self":[{"href":"https:\/\/www.seahouseinternational.net\/fr\/wp-json\/wp\/v2\/pages\/2144","targetHints":{"allow":["GET"]}}],"collection":[{"href":"https:\/\/www.seahouseinternational.net\/fr\/wp-json\/wp\/v2\/pages"}],"about":[{"href":"https:\/\/www.seahouseinternational.net\/fr\/wp-json\/wp\/v2\/types\/page"}],"author":[{"embeddable":true,"href":"https:\/\/www.seahouseinternational.net\/fr\/wp-json\/wp\/v2\/users\/1"}],"replies":[{"embeddable":true,"href":"https:\/\/www.seahouseinternational.net\/fr\/wp-json\/wp\/v2\/comments?post=2144"}],"version-history":[{"count":0,"href":"https:\/\/www.seahouseinternational.net\/fr\/wp-json\/wp\/v2\/pages\/2144\/revisions"}],"wp:featuredmedia":[{"embeddable":true,"href":"https:\/\/www.seahouseinternational.net\/fr\/wp-json\/wp\/v2\/media\/1392"}],"wp:attachment":[{"href":"https:\/\/www.seahouseinternational.net\/fr\/wp-json\/wp\/v2\/media?parent=2144"}],"curies":[{"name":"wp","href":"https:\/\/api.w.org\/{rel}","templated":true}]}}