{"id":2120,"date":"2021-02-19T15:14:51","date_gmt":"2021-02-19T14:14:51","guid":{"rendered":"https:\/\/www.seahouseinternational.net\/?page_id=2120"},"modified":"2021-02-19T15:14:51","modified_gmt":"2021-02-19T14:14:51","slug":"experiences","status":"publish","type":"page","link":"https:\/\/www.seahouseinternational.net\/fr\/experiences\/","title":{"rendered":"Exp\u00e9riences"},"content":{"rendered":"<div  class=\"grids-section grids-is-advanced alignfull\" style=\"--_gs-gap-desktop:0px 0px;--_gs-m-desktop:0 0 0 0;--_gs-p-desktop:0 0 0 0;--_gs-bg-desktop:transparent none;--_gs-bg-xp-desktop:0px;--_gs-zi-desktop:auto;--_gs-d-desktop:block;--_gs-mw-desktop:calc(100% - 0 - 0);--_gs-gap-tablet:0px 0px;--_gs-m-tablet:0 0 0 0;--_gs-p-tablet:0 0 0 0;--_gs-bg-tablet:transparent none;--_gs-bg-xp-tablet:0px;--_gs-zi-tablet:auto;--_gs-d-tablet:block;--_gs-mw-tablet:calc(100% - 0 - 0);--_gs-gap-mobile:0px 0px;--_gs-m-mobile:0 0 0 0;--_gs-p-mobile:0 0 0 0;--_gs-bg-mobile:transparent none;--_gs-bg-xp-mobile:0px;--_gs-zi-mobile:auto;--_gs-d-mobile:block;--_gs-mw-mobile:calc(100% - 0 - 0);--_gs-columns:12;--_gs-rows:6\"><div class=\"grids-s-w_i\">\n<div class=\"grids-area\" style=\"--_ga-column:2\/12;--_ga-row:1\/2;--_ga-m-desktop:0 0 0 0;--_ga-p-desktop:0 0 0 0;--_ga-bg-desktop:transparent none;--_ga-zi-desktop:auto;--_ga-d-desktop:flex;--_ga-mw-desktop:calc(100% - 0 - 0);--_ga-m-tablet:0 0 0 0;--_ga-p-tablet:0 0 0 0;--_ga-bg-tablet:transparent none;--_ga-zi-tablet:auto;--_ga-d-tablet:flex;--_ga-mw-tablet:calc(100% - 0 - 0);--_ga-m-mobile:0 0 0 0;--_ga-p-mobile:0 0 0 0;--_ga-bg-mobile:transparent none;--_ga-zi-mobile:auto;--_ga-d-mobile:flex;--_ga-mw-mobile:calc(100% - 0 - 0)\">\n\n<h2 class=\"wp-block-heading\">Activit\u00e9s<\/h2>\n\n\n\n<p>Lo\u0161inj propose diverses activit\u00e9s de loisirs et culturelles adapt\u00e9es \u00e0 tous les \u00e2ges, d\u00e9couvrez la plus adapt\u00e9e \u00e0 vos besoins!<\/p>\n\n\n\n<div style=\"height:40px\" aria-hidden=\"true\" class=\"wp-block-spacer\"><\/div>\n\n<\/div>\n\n<div class=\"grids-area\" style=\"--_ga-column:2\/12;--_ga-row:2\/3;--_ga-m-desktop:0 0 0 0;--_ga-p-desktop:0 0 0 0;--_ga-bg-desktop:transparent none;--_ga-zi-desktop:auto;--_ga-d-desktop:flex;--_ga-mw-desktop:calc(100% - 0 - 0);--_ga-m-tablet:0 0 0 0;--_ga-p-tablet:0 0 0 0;--_ga-bg-tablet:transparent none;--_ga-zi-tablet:auto;--_ga-d-tablet:flex;--_ga-mw-tablet:calc(100% - 0 - 0);--_ga-m-mobile:0 0 0 0;--_ga-p-mobile:0 0 0 0;--_ga-bg-mobile:transparent none;--_ga-zi-mobile:auto;--_ga-d-mobile:flex;--_ga-mw-mobile:calc(100% - 0 - 0)\">\n\n<div class=\"experiences-list-container\" style=\"--experiences-list-container-columns: 4\">\n\t\t\t\t\t<div class=\"experiences-list-container-single\">\n\t\t\t\t<a href=\"https:\/\/www.seahouseinternational.net\/fr\/experiences\/un-sol-avec-des-proprietes-curatives\/\" title=\"Un sol avec des propri\u00e9t\u00e9s curatives\">\n\t\t\t\t\t<div class=\"experiences-list-container-single-img\" style=\"background-image: url(https:\/\/www.seahouseinternational.net\/wp-content\/uploads\/2021\/02\/Seahouse_esperienze_natura_01.jpg)\">\n\t\t\t\t\t<\/div>\n\t\t\t\t<\/a>\n\t\t\t\t\n\t\t\t\t<a href=\"https:\/\/www.seahouseinternational.net\/fr\/experiences\/un-sol-avec-des-proprietes-curatives\/\" title=\"Un sol avec des propri\u00e9t\u00e9s curatives\">\n\t\t\t\t\t<h3>Un sol avec des propri\u00e9t\u00e9s curatives<\/h3>\n\t\t\t\t<\/a>\n\n                <div class=\"experiences-list-container-single-short-description\">\n\t\t\t\t\t<p>La qualit\u00e9 de l\u2019air est tr\u00e9s haute<\/p>\n\t\t\t\t<\/div>\n\n\t\t\t\t\t\t\t\t\n\t\t\t\t<a href=\"https:\/\/www.seahouseinternational.net\/fr\/experiences\/un-sol-avec-des-proprietes-curatives\/\" title=\"Un sol avec des propri\u00e9t\u00e9s curatives\" class=\"btn experiences-list-container-single-button\">\n\t\t\t\t\tD\u00e9couvrir\t\t\t\t<\/a>\n\t\t\t<\/div>\n\t\t\t\t\t\t<div class=\"experiences-list-container-single\">\n\t\t\t\t<a href=\"https:\/\/www.seahouseinternational.net\/fr\/experiences\/faune-et-flore\/\" title=\"Faune et flore\">\n\t\t\t\t\t<div class=\"experiences-list-container-single-img\" style=\"background-image: url(https:\/\/www.seahouseinternational.net\/wp-content\/uploads\/2021\/02\/SeaHouse_International_Croazia_Location_asino.jpg)\">\n\t\t\t\t\t<\/div>\n\t\t\t\t<\/a>\n\t\t\t\t\n\t\t\t\t<a href=\"https:\/\/www.seahouseinternational.net\/fr\/experiences\/faune-et-flore\/\" title=\"Faune et flore\">\n\t\t\t\t\t<h3>Faune et flore<\/h3>\n\t\t\t\t<\/a>\n\n                <div class=\"experiences-list-container-single-short-description\">\n\t\t\t\t\t<p>De la mer \u00e0 la for\u00eat<\/p>\n\t\t\t\t<\/div>\n\n\t\t\t\t\t\t\t\t\n\t\t\t\t<a href=\"https:\/\/www.seahouseinternational.net\/fr\/experiences\/faune-et-flore\/\" title=\"Faune et flore\" class=\"btn experiences-list-container-single-button\">\n\t\t\t\t\tD\u00e9couvrir\t\t\t\t<\/a>\n\t\t\t<\/div>\n\t\t\t\t\t\t<div class=\"experiences-list-container-single\">\n\t\t\t\t<a href=\"https:\/\/www.seahouseinternational.net\/fr\/experiences\/dauphins\/\" title=\"Dauphins\">\n\t\t\t\t\t<div class=\"experiences-list-container-single-img\" style=\"background-image: url(https:\/\/www.seahouseinternational.net\/wp-content\/uploads\/2021\/02\/SeaHouse_Delfini.jpg)\">\n\t\t\t\t\t<\/div>\n\t\t\t\t<\/a>\n\t\t\t\t\n\t\t\t\t<a href=\"https:\/\/www.seahouseinternational.net\/fr\/experiences\/dauphins\/\" title=\"Dauphins\">\n\t\t\t\t\t<h3>Dauphins<\/h3>\n\t\t\t\t<\/a>\n\n                <div class=\"experiences-list-container-single-short-description\">\n\t\t\t\t\t<p>Une exp\u00e9rience incroyable<\/p>\n\t\t\t\t<\/div>\n\n\t\t\t\t\t\t\t\t\n\t\t\t\t<a href=\"https:\/\/www.seahouseinternational.net\/fr\/experiences\/dauphins\/\" title=\"Dauphins\" class=\"btn experiences-list-container-single-button\">\n\t\t\t\t\tD\u00e9couvrir\t\t\t\t<\/a>\n\t\t\t<\/div>\n\t\t\t\t\t\t<div class=\"experiences-list-container-single\">\n\t\t\t\t<a href=\"https:\/\/www.seahouseinternational.net\/fr\/experiences\/griffons\/\" title=\"Griffons\">\n\t\t\t\t\t<div class=\"experiences-list-container-single-img\" style=\"background-image: url(https:\/\/www.seahouseinternational.net\/wp-content\/uploads\/2021\/02\/SeaHouse_AvvoltoioGrifone.jpg)\">\n\t\t\t\t\t<\/div>\n\t\t\t\t<\/a>\n\t\t\t\t\n\t\t\t\t<a href=\"https:\/\/www.seahouseinternational.net\/fr\/experiences\/griffons\/\" title=\"Griffons\">\n\t\t\t\t\t<h3>Griffons<\/h3>\n\t\t\t\t<\/a>\n\n                <div class=\"experiences-list-container-single-short-description\">\n\t\t\t\t\t<p>R\u00e9serve naturelle du griffon<\/p>\n\t\t\t\t<\/div>\n\n\t\t\t\t\t\t\t\t\n\t\t\t\t<a href=\"https:\/\/www.seahouseinternational.net\/fr\/experiences\/griffons\/\" title=\"Griffons\" class=\"btn experiences-list-container-single-button\">\n\t\t\t\t\tD\u00e9couvrir\t\t\t\t<\/a>\n\t\t\t<\/div>\n\t\t\t\t\t\t<div class=\"experiences-list-container-single\">\n\t\t\t\t<a href=\"https:\/\/www.seahouseinternational.net\/fr\/experiences\/le-costume-de-susak\/\" title=\"Le costume de Susak\">\n\t\t\t\t\t<div class=\"experiences-list-container-single-img\" style=\"background-image: url(https:\/\/www.seahouseinternational.net\/wp-content\/uploads\/2021\/02\/SeaHouse_Il-costume-di-Susak.jpg)\">\n\t\t\t\t\t<\/div>\n\t\t\t\t<\/a>\n\t\t\t\t\n\t\t\t\t<a href=\"https:\/\/www.seahouseinternational.net\/fr\/experiences\/le-costume-de-susak\/\" title=\"Le costume de Susak\">\n\t\t\t\t\t<h3>Le costume de Susak<\/h3>\n\t\t\t\t<\/a>\n\n                <div class=\"experiences-list-container-single-short-description\">\n\t\t\t\t\t<p>Le costume f\u00e9minin typique<\/p>\n\t\t\t\t<\/div>\n\n\t\t\t\t\t\t\t\t\n\t\t\t\t<a href=\"https:\/\/www.seahouseinternational.net\/fr\/experiences\/le-costume-de-susak\/\" title=\"Le costume de Susak\" class=\"btn experiences-list-container-single-button\">\n\t\t\t\t\tD\u00e9couvrir\t\t\t\t<\/a>\n\t\t\t<\/div>\n\t\t\t\t\t\t<div class=\"experiences-list-container-single\">\n\t\t\t\t<a href=\"https:\/\/www.seahouseinternational.net\/fr\/experiences\/lapoxiomenos\/\" title=\"L&rsquo;apoxiomenos\">\n\t\t\t\t\t<div class=\"experiences-list-container-single-img\" style=\"background-image: url(https:\/\/www.seahouseinternational.net\/wp-content\/uploads\/2021\/02\/SeaHouse_apoxiomenos.jpg)\">\n\t\t\t\t\t<\/div>\n\t\t\t\t<\/a>\n\t\t\t\t\n\t\t\t\t<a href=\"https:\/\/www.seahouseinternational.net\/fr\/experiences\/lapoxiomenos\/\" title=\"L&rsquo;apoxiomenos\">\n\t\t\t\t\t<h3>L&rsquo;apoxiomenos<\/h3>\n\t\t\t\t<\/a>\n\n                <div class=\"experiences-list-container-single-short-description\">\n\t\t\t\t\t<p>La statue originelle du Apoksiomenos<\/p>\n\t\t\t\t<\/div>\n\n\t\t\t\t\t\t\t\t\n\t\t\t\t<a href=\"https:\/\/www.seahouseinternational.net\/fr\/experiences\/lapoxiomenos\/\" title=\"L&rsquo;apoxiomenos\" class=\"btn experiences-list-container-single-button\">\n\t\t\t\t\tD\u00e9couvrir\t\t\t\t<\/a>\n\t\t\t<\/div>\n\t\t\t\n\t<\/div>\n\n\n\n<\/div>\n<\/div><\/div>","protected":false},"excerpt":{"rendered":"","protected":false},"author":1,"featured_media":0,"parent":0,"menu_order":0,"comment_status":"closed","ping_status":"closed","template":"","meta":{"_acf_changed":false,"advgb_blocks_editor_width":"","advgb_blocks_columns_visual_guide":"","footnotes":""},"class_list":["post-2120","page","type-page","status-publish","hentry","entry"],"acf":[],"yoast_head":"<!-- This site is optimized with the Yoast SEO plugin v25.3.1 - https:\/\/yoast.com\/wordpress\/plugins\/seo\/ -->\n<title>Exp\u00e9riences - Sea House Apartments \u00e0 Losinj, Croatie<\/title>\n<meta name=\"robots\" content=\"index, follow, max-snippet:-1, max-image-preview:large, max-video-preview:-1\" \/>\n<link rel=\"canonical\" href=\"https:\/\/www.seahouseinternational.net\/fr\/experiences\/\" \/>\n<meta property=\"og:locale\" content=\"fr_FR\" \/>\n<meta property=\"og:type\" content=\"article\" \/>\n<meta property=\"og:title\" content=\"Exp\u00e9riences - Sea House Apartments \u00e0 Losinj, Croatie\" \/>\n<meta property=\"og:url\" content=\"https:\/\/www.seahouseinternational.net\/fr\/experiences\/\" \/>\n<meta property=\"og:site_name\" content=\"Sea House Apartments \u00e0 Losinj, Croatie\" \/>\n<meta name=\"twitter:card\" content=\"summary_large_image\" \/>\n<meta name=\"twitter:label1\" content=\"Dur\u00e9e de lecture estim\u00e9e\" \/>\n\t<meta name=\"twitter:data1\" content=\"1 minute\" \/>\n<script type=\"application\/ld+json\" class=\"yoast-schema-graph\">{\"@context\":\"https:\/\/schema.org\",\"@graph\":[{\"@type\":\"WebPage\",\"@id\":\"https:\/\/www.seahouseinternational.net\/fr\/experiences\/\",\"url\":\"https:\/\/www.seahouseinternational.net\/fr\/experiences\/\",\"name\":\"Exp\u00e9riences - Sea House Apartments \u00e0 Losinj, Croatie\",\"isPartOf\":{\"@id\":\"https:\/\/www.seahouseinternational.net\/fr\/#website\"},\"datePublished\":\"2021-02-19T14:14:51+00:00\",\"breadcrumb\":{\"@id\":\"https:\/\/www.seahouseinternational.net\/fr\/experiences\/#breadcrumb\"},\"inLanguage\":\"fr-FR\",\"potentialAction\":[{\"@type\":\"ReadAction\",\"target\":[\"https:\/\/www.seahouseinternational.net\/fr\/experiences\/\"]}]},{\"@type\":\"BreadcrumbList\",\"@id\":\"https:\/\/www.seahouseinternational.net\/fr\/experiences\/#breadcrumb\",\"itemListElement\":[{\"@type\":\"ListItem\",\"position\":1,\"name\":\"Home\",\"item\":\"https:\/\/www.seahouseinternational.net\/fr\/\"},{\"@type\":\"ListItem\",\"position\":2,\"name\":\"Exp\u00e9riences\"}]},{\"@type\":\"WebSite\",\"@id\":\"https:\/\/www.seahouseinternational.net\/fr\/#website\",\"url\":\"https:\/\/www.seahouseinternational.net\/fr\/\",\"name\":\"Sea House Apartments \u00e0 Losinj, Croatie\",\"description\":\"\",\"publisher\":{\"@id\":\"https:\/\/www.seahouseinternational.net\/fr\/#organization\"},\"potentialAction\":[{\"@type\":\"SearchAction\",\"target\":{\"@type\":\"EntryPoint\",\"urlTemplate\":\"https:\/\/www.seahouseinternational.net\/fr\/?s={search_term_string}\"},\"query-input\":{\"@type\":\"PropertyValueSpecification\",\"valueRequired\":true,\"valueName\":\"search_term_string\"}}],\"inLanguage\":\"fr-FR\"},{\"@type\":\"Organization\",\"@id\":\"https:\/\/www.seahouseinternational.net\/fr\/#organization\",\"name\":\"Sea House Apartments \u00e0 Losinj, Croatie\",\"url\":\"https:\/\/www.seahouseinternational.net\/fr\/\",\"logo\":{\"@type\":\"ImageObject\",\"inLanguage\":\"fr-FR\",\"@id\":\"https:\/\/www.seahouseinternational.net\/fr\/#\/schema\/logo\/image\/\",\"url\":\"https:\/\/www.seahouseinternational.net\/wp-content\/uploads\/2021\/02\/logo-seahouse.png\",\"contentUrl\":\"https:\/\/www.seahouseinternational.net\/wp-content\/uploads\/2021\/02\/logo-seahouse.png\",\"width\":374,\"height\":60,\"caption\":\"Sea House Apartments \u00e0 Losinj, Croatie\"},\"image\":{\"@id\":\"https:\/\/www.seahouseinternational.net\/fr\/#\/schema\/logo\/image\/\"}}]}<\/script>\n<!-- \/ Yoast SEO plugin. -->","yoast_head_json":{"title":"Exp\u00e9riences - Sea House Apartments \u00e0 Losinj, Croatie","robots":{"index":"index","follow":"follow","max-snippet":"max-snippet:-1","max-image-preview":"max-image-preview:large","max-video-preview":"max-video-preview:-1"},"canonical":"https:\/\/www.seahouseinternational.net\/fr\/experiences\/","og_locale":"fr_FR","og_type":"article","og_title":"Exp\u00e9riences - Sea House Apartments \u00e0 Losinj, Croatie","og_url":"https:\/\/www.seahouseinternational.net\/fr\/experiences\/","og_site_name":"Sea House Apartments \u00e0 Losinj, Croatie","twitter_card":"summary_large_image","twitter_misc":{"Dur\u00e9e de lecture estim\u00e9e":"1 minute"},"schema":{"@context":"https:\/\/schema.org","@graph":[{"@type":"WebPage","@id":"https:\/\/www.seahouseinternational.net\/fr\/experiences\/","url":"https:\/\/www.seahouseinternational.net\/fr\/experiences\/","name":"Exp\u00e9riences - Sea House Apartments \u00e0 Losinj, Croatie","isPartOf":{"@id":"https:\/\/www.seahouseinternational.net\/fr\/#website"},"datePublished":"2021-02-19T14:14:51+00:00","breadcrumb":{"@id":"https:\/\/www.seahouseinternational.net\/fr\/experiences\/#breadcrumb"},"inLanguage":"fr-FR","potentialAction":[{"@type":"ReadAction","target":["https:\/\/www.seahouseinternational.net\/fr\/experiences\/"]}]},{"@type":"BreadcrumbList","@id":"https:\/\/www.seahouseinternational.net\/fr\/experiences\/#breadcrumb","itemListElement":[{"@type":"ListItem","position":1,"name":"Home","item":"https:\/\/www.seahouseinternational.net\/fr\/"},{"@type":"ListItem","position":2,"name":"Exp\u00e9riences"}]},{"@type":"WebSite","@id":"https:\/\/www.seahouseinternational.net\/fr\/#website","url":"https:\/\/www.seahouseinternational.net\/fr\/","name":"Sea House Apartments \u00e0 Losinj, Croatie","description":"","publisher":{"@id":"https:\/\/www.seahouseinternational.net\/fr\/#organization"},"potentialAction":[{"@type":"SearchAction","target":{"@type":"EntryPoint","urlTemplate":"https:\/\/www.seahouseinternational.net\/fr\/?s={search_term_string}"},"query-input":{"@type":"PropertyValueSpecification","valueRequired":true,"valueName":"search_term_string"}}],"inLanguage":"fr-FR"},{"@type":"Organization","@id":"https:\/\/www.seahouseinternational.net\/fr\/#organization","name":"Sea House Apartments \u00e0 Losinj, Croatie","url":"https:\/\/www.seahouseinternational.net\/fr\/","logo":{"@type":"ImageObject","inLanguage":"fr-FR","@id":"https:\/\/www.seahouseinternational.net\/fr\/#\/schema\/logo\/image\/","url":"https:\/\/www.seahouseinternational.net\/wp-content\/uploads\/2021\/02\/logo-seahouse.png","contentUrl":"https:\/\/www.seahouseinternational.net\/wp-content\/uploads\/2021\/02\/logo-seahouse.png","width":374,"height":60,"caption":"Sea House Apartments \u00e0 Losinj, Croatie"},"image":{"@id":"https:\/\/www.seahouseinternational.net\/fr\/#\/schema\/logo\/image\/"}}]}},"coauthors":[],"author_meta":{"author_link":"https:\/\/www.seahouseinternational.net\/fr\/author\/se4-h0s3\/","display_name":"se4-h0s3"},"relative_dates":{"created":"Publi\u00e9 5 ans il y a","modified":"Mis \u00e0 jour 5 ans il y a"},"absolute_dates":{"created":"Publi\u00e9 le 19 f\u00e9vrier 2021","modified":"Mise \u00e0 jour le 19 f\u00e9vrier 2021"},"absolute_dates_time":{"created":"Publi\u00e9 le 19 f\u00e9vrier 2021 15:14","modified":"Mise \u00e0 jour le 19 f\u00e9vrier 2021 15:14"},"featured_img_caption":"","featured_img":false,"series_order":"","_links":{"self":[{"href":"https:\/\/www.seahouseinternational.net\/fr\/wp-json\/wp\/v2\/pages\/2120","targetHints":{"allow":["GET"]}}],"collection":[{"href":"https:\/\/www.seahouseinternational.net\/fr\/wp-json\/wp\/v2\/pages"}],"about":[{"href":"https:\/\/www.seahouseinternational.net\/fr\/wp-json\/wp\/v2\/types\/page"}],"author":[{"embeddable":true,"href":"https:\/\/www.seahouseinternational.net\/fr\/wp-json\/wp\/v2\/users\/1"}],"replies":[{"embeddable":true,"href":"https:\/\/www.seahouseinternational.net\/fr\/wp-json\/wp\/v2\/comments?post=2120"}],"version-history":[{"count":0,"href":"https:\/\/www.seahouseinternational.net\/fr\/wp-json\/wp\/v2\/pages\/2120\/revisions"}],"wp:attachment":[{"href":"https:\/\/www.seahouseinternational.net\/fr\/wp-json\/wp\/v2\/media?parent=2120"}],"curies":[{"name":"wp","href":"https:\/\/api.w.org\/{rel}","templated":true}]}}