{"id":2112,"date":"2021-02-19T15:12:33","date_gmt":"2021-02-19T14:12:33","guid":{"rendered":"https:\/\/www.seahouseinternational.net\/?page_id=2112"},"modified":"2021-02-24T14:52:56","modified_gmt":"2021-02-24T13:52:56","slug":"ou-nous-sommes","status":"publish","type":"page","link":"https:\/\/www.seahouseinternational.net\/fr\/ou-nous-sommes\/","title":{"rendered":"O\u00f9 nous sommes"},"content":{"rendered":"<div  class=\"grids-section grids-is-advanced\" style=\"--_gs-gap-desktop:0px 0px;--_gs-m-desktop:0 0 0 0;--_gs-p-desktop:0 0 30px 0;--_gs-bg-desktop:transparent none;--_gs-bg-xp-desktop:0px;--_gs-zi-desktop:auto;--_gs-d-desktop:block;--_gs-mw-desktop:calc(100% - 0 - 0);--_gs-gap-tablet:0px 0px;--_gs-m-tablet:0 0 0 0;--_gs-p-tablet:0 0 30px 0;--_gs-bg-tablet:transparent none;--_gs-bg-xp-tablet:0px;--_gs-zi-tablet:auto;--_gs-d-tablet:block;--_gs-mw-tablet:calc(100% - 0 - 0);--_gs-gap-mobile:0px 0px;--_gs-m-mobile:0 0 0 0;--_gs-p-mobile:0 0 30px 0;--_gs-bg-mobile:transparent none;--_gs-bg-xp-mobile:0px;--_gs-zi-mobile:auto;--_gs-d-mobile:block;--_gs-mw-mobile:calc(100% - 0 - 0);--_gs-columns:12;--_gs-rows:6\"><div class=\"grids-s-w_i\">\n<div class=\"grids-area\" style=\"--_ga-column:2\/6;--_ga-row:1\/2;--_ga-m-desktop:0 0 0 0;--_ga-p-desktop:0 0 0 0;--_ga-bg-desktop:transparent none;--_ga-zi-desktop:auto;--_ga-d-desktop:flex;--_ga-mw-desktop:calc(100% - 0 - 0);--_ga-m-tablet:0 0 0 0;--_ga-p-tablet:0 0 0 0;--_ga-bg-tablet:transparent none;--_ga-zi-tablet:auto;--_ga-d-tablet:flex;--_ga-mw-tablet:calc(100% - 0 - 0);--_ga-m-mobile:0 0 0 0;--_ga-p-mobile:0 0 0 0;--_ga-bg-mobile:transparent none;--_ga-zi-mobile:auto;--_ga-d-mobile:flex;--_ga-mw-mobile:calc(100% - 0 - 0)\">\n\n<p>L&rsquo;\u00eele de Losinj est situ\u00e9e dans la partie nord de la Croatie, dans l&rsquo;archipel de Cres.<\/p>\n\n\n\n<p>Jamina, 16<br>51550 Mali Losinj (HR)<br>OIB HR &#8211; 33252278085<\/p>\n\n<\/div>\n\n<div class=\"grids-area\" style=\"--_ga-column:7\/12;--_ga-row:1\/2;--_ga-m-desktop:0 0 0 0;--_ga-p-desktop:0 0 0 0;--_ga-bg-desktop:transparent none;--_ga-zi-desktop:auto;--_ga-d-desktop:flex;--_ga-mw-desktop:calc(100% - 0 - 0);--_ga-m-tablet:0 0 0 0;--_ga-p-tablet:0 0 0 0;--_ga-bg-tablet:transparent none;--_ga-zi-tablet:auto;--_ga-d-tablet:flex;--_ga-mw-tablet:calc(100% - 0 - 0);--_ga-m-mobile:0 0 0 0;--_ga-p-mobile:0 0 0 0;--_ga-bg-mobile:transparent none;--_ga-zi-mobile:auto;--_ga-d-mobile:flex;--_ga-mw-mobile:calc(100% - 0 - 0)\">\n\n<h2 class=\"wp-block-heading\">Lignes de ferry<\/h2>\n\n\n\n<p>l est possible d&rsquo;atteindre l&rsquo;\u00eele par des liaisons par ferry \u00e0 partir de diff\u00e9rents ports, <strong>d\u00e9couvrez les lignes et les horaires<a href=\"https:\/\/www.jadrolinija.hr\/en\/ferry-croatia\" target=\"_blank\" rel=\"noreferrer noopener\"><span style=\"color:#ff385c\" class=\"has-inline-color\"> <\/span><\/a><a href=\"https:\/\/www.jadrolinija.hr\/en\/ferry-croatia\" target=\"_blank\" rel=\"noreferrer noopener nofollow\"><span style=\"color:#ff385c\" class=\"has-inline-color\">ici<\/span><\/a><a href=\"https:\/\/www.jadrolinija.hr\/en\/ferry-croatia\" target=\"_blank\" rel=\"noreferrer noopener\">.<\/a><\/strong><\/p>\n\n<\/div>\n<\/div><\/div>\n\n<div  class=\"grids-section grids-is-advanced\" style=\"--_gs-gap-desktop:0px 0px;--_gs-m-desktop:0 0 0 0;--_gs-p-desktop:30px 0 0 0;--_gs-bg-desktop:#f8f8f8 none;--_gs-bg-xp-desktop:0px;--_gs-zi-desktop:auto;--_gs-d-desktop:block;--_gs-mw-desktop:calc(100% - 0 - 0);--_gs-gap-tablet:0px 0px;--_gs-m-tablet:0 0 0 0;--_gs-p-tablet:30px 0 0 0;--_gs-bg-tablet:#f8f8f8 none;--_gs-bg-xp-tablet:0px;--_gs-zi-tablet:auto;--_gs-d-tablet:block;--_gs-mw-tablet:calc(100% - 0 - 0);--_gs-gap-mobile:0px 0px;--_gs-m-mobile:0 0 0 0;--_gs-p-mobile:30px 0 0 0;--_gs-bg-mobile:#f8f8f8 none;--_gs-bg-xp-mobile:0px;--_gs-zi-mobile:auto;--_gs-d-mobile:block;--_gs-mw-mobile:calc(100% - 0 - 0);--_gs-columns:12;--_gs-rows:6\"><div class=\"grids-s-w_i\">\n<div class=\"grids-area\" style=\"--_ga-column:2\/12;--_ga-row:1\/2;--_ga-m-desktop:0 0 0 0;--_ga-p-desktop:30px 0 30px 0;--_ga-bg-desktop:transparent none;--_ga-zi-desktop:auto;--_ga-d-desktop:flex;--_ga-mw-desktop:calc(100% - 0 - 0);--_ga-m-tablet:0 0 0 0;--_ga-p-tablet:30px 0 30px 0;--_ga-bg-tablet:transparent none;--_ga-zi-tablet:auto;--_ga-d-tablet:flex;--_ga-mw-tablet:calc(100% - 0 - 0);--_ga-m-mobile:0 0 0 0;--_ga-p-mobile:30px 0 30px 0;--_ga-bg-mobile:transparent none;--_ga-zi-mobile:auto;--_ga-d-mobile:flex;--_ga-mw-mobile:calc(100% - 0 - 0)\">\n\n<h2 class=\"wp-block-heading\">Comment atteindre l&rsquo;\u00eele<\/h2>\n\n<\/div>\n\n<div class=\"grids-area\" style=\"--_ga-column:2\/7;--_ga-row:2\/3;--_ga-m-desktop:0 0 0 0;--_ga-p-desktop:0 30px 30px 0;--_ga-bg-desktop:transparent none;--_ga-zi-desktop:auto;--_ga-d-desktop:flex;--_ga-mw-desktop:calc(100% - 0 - 0);--_ga-m-tablet:0 0 0 0;--_ga-p-tablet:0 30px 30px 0;--_ga-bg-tablet:transparent none;--_ga-zi-tablet:auto;--_ga-d-tablet:flex;--_ga-mw-tablet:calc(100% - 0 - 0);--_ga-m-mobile:0 0 0 0;--_ga-p-mobile:0 30px 30px 0;--_ga-bg-mobile:transparent none;--_ga-zi-mobile:auto;--_ga-d-mobile:flex;--_ga-mw-mobile:calc(100% - 0 - 0)\">\n\n<h3 class=\"wp-block-heading\">De Trieste (Italie)<\/h3>\n\n\n\n<p>Fronti\u00e8re du Pasjak &#8211; Opatija &#8211; port de Brestova &#8211; Porozina (continent &#8211; \u00eele de Cres)<\/p>\n\n<\/div>\n\n<div class=\"grids-area\" style=\"--_ga-column:2\/7;--_ga-row:3\/4;--_ga-m-desktop:0 0 0 0;--_ga-p-desktop:0 30px 30px 0;--_ga-bg-desktop:transparent none;--_ga-zi-desktop:auto;--_ga-d-desktop:flex;--_ga-mw-desktop:calc(100% - 0 - 0);--_ga-m-tablet:0 0 0 0;--_ga-p-tablet:0 30px 30px 0;--_ga-bg-tablet:transparent none;--_ga-zi-tablet:auto;--_ga-d-tablet:flex;--_ga-mw-tablet:calc(100% - 0 - 0);--_ga-m-mobile:0 0 0 0;--_ga-p-mobile:0 30px 30px 0;--_ga-bg-mobile:transparent none;--_ga-zi-mobile:auto;--_ga-d-mobile:flex;--_ga-mw-mobile:calc(100% - 0 - 0)\">\n\n<h3 class=\"wp-block-heading\">De Ljubljana (Slov\u00e9nie)<\/h3>\n\n\n\n<p>Pour entrer en Croatie \u00e0 travers la Slov\u00e9nie, il est n\u00e9cessaire d&rsquo;acheter la \u00ab\u00a0<strong>vignette<\/strong>\u00a0\u00bb (l&rsquo;autocollant de l&rsquo;autoroute).<\/p>\n\n\n\n<p>Plus d&rsquo;informations sur&nbsp;<a href=\"http:\/\/www.hak.hr\/\" target=\"_blank\" rel=\"noreferrer noopener\">www.hak.hr<\/a><\/p>\n\n\n\n<p>Rupa fronti\u00e8re &#8211; Rijeka (rivi\u00e8re) &#8211; \u00eele de Krk (pont) &#8211; Port de Valbiska &#8211; Merag (\u00eele de Krk &#8211; \u00eele de Cres)<\/p>\n\n\n\n<p>Rupa fronti\u00e8re&nbsp;&#8211; Rijeka (Rijeka) &#8211; Opatija &#8211; Port de Brestova &#8211; Porozina (continent &#8211; \u00eele de Cres)<\/p>\n\n<\/div>\n\n<div class=\"grids-area\" style=\"--_ga-column:7\/12;--_ga-row:2\/3;--_ga-m-desktop:0 0 0 0;--_ga-p-desktop:0 0 30px 30px;--_ga-bg-desktop:transparent none;--_ga-zi-desktop:auto;--_ga-d-desktop:flex;--_ga-mw-desktop:calc(100% - 0 - 0);--_ga-m-tablet:0 0 0 0;--_ga-p-tablet:0 0 30px 30px;--_ga-bg-tablet:transparent none;--_ga-zi-tablet:auto;--_ga-d-tablet:flex;--_ga-mw-tablet:calc(100% - 0 - 0);--_ga-m-mobile:0 0 0 0;--_ga-p-mobile:0 0 30px 30px;--_ga-bg-mobile:transparent none;--_ga-zi-mobile:auto;--_ga-d-mobile:flex;--_ga-mw-mobile:calc(100% - 0 - 0)\">\n\n<h3 class=\"wp-block-heading\">De Zagreb (Croatie)<\/h3>\n\n\n\n<p>\u00cele de Krk (pont) &#8211; port de Valbiska &#8211; Merag (\u00eele de Krk &#8211; \u00eele de Cres)<\/p>\n\n<\/div>\n\n<div class=\"grids-area\" style=\"--_ga-column:7\/12;--_ga-row:3\/4;--_ga-m-desktop:0 0 0 0;--_ga-p-desktop:0 0 30px 30px;--_ga-bg-desktop:transparent none;--_ga-zi-desktop:auto;--_ga-d-desktop:flex;--_ga-mw-desktop:calc(100% - 0 - 0);--_ga-m-tablet:0 0 0 0;--_ga-p-tablet:0 0 30px 30px;--_ga-bg-tablet:transparent none;--_ga-zi-tablet:auto;--_ga-d-tablet:flex;--_ga-mw-tablet:calc(100% - 0 - 0);--_ga-m-mobile:0 0 0 0;--_ga-p-mobile:0 0 30px 30px;--_ga-bg-mobile:transparent none;--_ga-zi-mobile:auto;--_ga-d-mobile:flex;--_ga-mw-mobile:calc(100% - 0 - 0)\">\n\n<h3 class=\"wp-block-heading\">De Suisse<\/h3>\n\n\n\n<p>Il est possible d&rsquo;atteindre l&rsquo;\u00eele depuis la Suisse, par le vol LUGANO AGNO &#8211; LUSSINO.<\/p>\n\n<\/div>\n<\/div><\/div>","protected":false},"excerpt":{"rendered":"","protected":false},"author":1,"featured_media":0,"parent":0,"menu_order":0,"comment_status":"closed","ping_status":"closed","template":"","meta":{"_acf_changed":false,"advgb_blocks_editor_width":"","advgb_blocks_columns_visual_guide":"","footnotes":""},"class_list":["post-2112","page","type-page","status-publish","hentry","entry"],"acf":[],"yoast_head":"<!-- This site is optimized with the Yoast SEO plugin v25.3.1 - https:\/\/yoast.com\/wordpress\/plugins\/seo\/ -->\n<title>O\u00f9 nous sommes - Sea House Apartments \u00e0 Losinj, Croatie<\/title>\n<meta name=\"robots\" content=\"index, follow, max-snippet:-1, max-image-preview:large, max-video-preview:-1\" \/>\n<link rel=\"canonical\" href=\"https:\/\/www.seahouseinternational.net\/fr\/ou-nous-sommes\/\" \/>\n<meta property=\"og:locale\" content=\"fr_FR\" \/>\n<meta property=\"og:type\" content=\"article\" \/>\n<meta property=\"og:title\" content=\"O\u00f9 nous sommes - Sea House Apartments \u00e0 Losinj, Croatie\" \/>\n<meta property=\"og:url\" content=\"https:\/\/www.seahouseinternational.net\/fr\/ou-nous-sommes\/\" \/>\n<meta property=\"og:site_name\" content=\"Sea House Apartments \u00e0 Losinj, Croatie\" \/>\n<meta property=\"article:modified_time\" content=\"2021-02-24T13:52:56+00:00\" \/>\n<meta name=\"twitter:card\" content=\"summary_large_image\" \/>\n<meta name=\"twitter:label1\" content=\"Dur\u00e9e de lecture estim\u00e9e\" \/>\n\t<meta name=\"twitter:data1\" content=\"1 minute\" \/>\n<script type=\"application\/ld+json\" class=\"yoast-schema-graph\">{\"@context\":\"https:\/\/schema.org\",\"@graph\":[{\"@type\":\"WebPage\",\"@id\":\"https:\/\/www.seahouseinternational.net\/fr\/ou-nous-sommes\/\",\"url\":\"https:\/\/www.seahouseinternational.net\/fr\/ou-nous-sommes\/\",\"name\":\"O\u00f9 nous sommes - Sea House Apartments \u00e0 Losinj, Croatie\",\"isPartOf\":{\"@id\":\"https:\/\/www.seahouseinternational.net\/fr\/#website\"},\"datePublished\":\"2021-02-19T14:12:33+00:00\",\"dateModified\":\"2021-02-24T13:52:56+00:00\",\"breadcrumb\":{\"@id\":\"https:\/\/www.seahouseinternational.net\/fr\/ou-nous-sommes\/#breadcrumb\"},\"inLanguage\":\"fr-FR\",\"potentialAction\":[{\"@type\":\"ReadAction\",\"target\":[\"https:\/\/www.seahouseinternational.net\/fr\/ou-nous-sommes\/\"]}]},{\"@type\":\"BreadcrumbList\",\"@id\":\"https:\/\/www.seahouseinternational.net\/fr\/ou-nous-sommes\/#breadcrumb\",\"itemListElement\":[{\"@type\":\"ListItem\",\"position\":1,\"name\":\"Home\",\"item\":\"https:\/\/www.seahouseinternational.net\/fr\/\"},{\"@type\":\"ListItem\",\"position\":2,\"name\":\"O\u00f9 nous sommes\"}]},{\"@type\":\"WebSite\",\"@id\":\"https:\/\/www.seahouseinternational.net\/fr\/#website\",\"url\":\"https:\/\/www.seahouseinternational.net\/fr\/\",\"name\":\"Sea House Apartments \u00e0 Losinj, Croatie\",\"description\":\"\",\"publisher\":{\"@id\":\"https:\/\/www.seahouseinternational.net\/fr\/#organization\"},\"potentialAction\":[{\"@type\":\"SearchAction\",\"target\":{\"@type\":\"EntryPoint\",\"urlTemplate\":\"https:\/\/www.seahouseinternational.net\/fr\/?s={search_term_string}\"},\"query-input\":{\"@type\":\"PropertyValueSpecification\",\"valueRequired\":true,\"valueName\":\"search_term_string\"}}],\"inLanguage\":\"fr-FR\"},{\"@type\":\"Organization\",\"@id\":\"https:\/\/www.seahouseinternational.net\/fr\/#organization\",\"name\":\"Sea House Apartments \u00e0 Losinj, Croatie\",\"url\":\"https:\/\/www.seahouseinternational.net\/fr\/\",\"logo\":{\"@type\":\"ImageObject\",\"inLanguage\":\"fr-FR\",\"@id\":\"https:\/\/www.seahouseinternational.net\/fr\/#\/schema\/logo\/image\/\",\"url\":\"https:\/\/www.seahouseinternational.net\/wp-content\/uploads\/2021\/02\/logo-seahouse.png\",\"contentUrl\":\"https:\/\/www.seahouseinternational.net\/wp-content\/uploads\/2021\/02\/logo-seahouse.png\",\"width\":374,\"height\":60,\"caption\":\"Sea House Apartments \u00e0 Losinj, Croatie\"},\"image\":{\"@id\":\"https:\/\/www.seahouseinternational.net\/fr\/#\/schema\/logo\/image\/\"}}]}<\/script>\n<!-- \/ Yoast SEO plugin. -->","yoast_head_json":{"title":"O\u00f9 nous sommes - Sea House Apartments \u00e0 Losinj, Croatie","robots":{"index":"index","follow":"follow","max-snippet":"max-snippet:-1","max-image-preview":"max-image-preview:large","max-video-preview":"max-video-preview:-1"},"canonical":"https:\/\/www.seahouseinternational.net\/fr\/ou-nous-sommes\/","og_locale":"fr_FR","og_type":"article","og_title":"O\u00f9 nous sommes - Sea House Apartments \u00e0 Losinj, Croatie","og_url":"https:\/\/www.seahouseinternational.net\/fr\/ou-nous-sommes\/","og_site_name":"Sea House Apartments \u00e0 Losinj, Croatie","article_modified_time":"2021-02-24T13:52:56+00:00","twitter_card":"summary_large_image","twitter_misc":{"Dur\u00e9e de lecture estim\u00e9e":"1 minute"},"schema":{"@context":"https:\/\/schema.org","@graph":[{"@type":"WebPage","@id":"https:\/\/www.seahouseinternational.net\/fr\/ou-nous-sommes\/","url":"https:\/\/www.seahouseinternational.net\/fr\/ou-nous-sommes\/","name":"O\u00f9 nous sommes - Sea House Apartments \u00e0 Losinj, Croatie","isPartOf":{"@id":"https:\/\/www.seahouseinternational.net\/fr\/#website"},"datePublished":"2021-02-19T14:12:33+00:00","dateModified":"2021-02-24T13:52:56+00:00","breadcrumb":{"@id":"https:\/\/www.seahouseinternational.net\/fr\/ou-nous-sommes\/#breadcrumb"},"inLanguage":"fr-FR","potentialAction":[{"@type":"ReadAction","target":["https:\/\/www.seahouseinternational.net\/fr\/ou-nous-sommes\/"]}]},{"@type":"BreadcrumbList","@id":"https:\/\/www.seahouseinternational.net\/fr\/ou-nous-sommes\/#breadcrumb","itemListElement":[{"@type":"ListItem","position":1,"name":"Home","item":"https:\/\/www.seahouseinternational.net\/fr\/"},{"@type":"ListItem","position":2,"name":"O\u00f9 nous sommes"}]},{"@type":"WebSite","@id":"https:\/\/www.seahouseinternational.net\/fr\/#website","url":"https:\/\/www.seahouseinternational.net\/fr\/","name":"Sea House Apartments \u00e0 Losinj, Croatie","description":"","publisher":{"@id":"https:\/\/www.seahouseinternational.net\/fr\/#organization"},"potentialAction":[{"@type":"SearchAction","target":{"@type":"EntryPoint","urlTemplate":"https:\/\/www.seahouseinternational.net\/fr\/?s={search_term_string}"},"query-input":{"@type":"PropertyValueSpecification","valueRequired":true,"valueName":"search_term_string"}}],"inLanguage":"fr-FR"},{"@type":"Organization","@id":"https:\/\/www.seahouseinternational.net\/fr\/#organization","name":"Sea House Apartments \u00e0 Losinj, Croatie","url":"https:\/\/www.seahouseinternational.net\/fr\/","logo":{"@type":"ImageObject","inLanguage":"fr-FR","@id":"https:\/\/www.seahouseinternational.net\/fr\/#\/schema\/logo\/image\/","url":"https:\/\/www.seahouseinternational.net\/wp-content\/uploads\/2021\/02\/logo-seahouse.png","contentUrl":"https:\/\/www.seahouseinternational.net\/wp-content\/uploads\/2021\/02\/logo-seahouse.png","width":374,"height":60,"caption":"Sea House Apartments \u00e0 Losinj, Croatie"},"image":{"@id":"https:\/\/www.seahouseinternational.net\/fr\/#\/schema\/logo\/image\/"}}]}},"coauthors":[],"author_meta":{"author_link":"https:\/\/www.seahouseinternational.net\/fr\/author\/se4-h0s3\/","display_name":"se4-h0s3"},"relative_dates":{"created":"Publi\u00e9 5 ans il y a","modified":"Mis \u00e0 jour 5 ans il y a"},"absolute_dates":{"created":"Publi\u00e9 le 19 f\u00e9vrier 2021","modified":"Mise \u00e0 jour le 24 f\u00e9vrier 2021"},"absolute_dates_time":{"created":"Publi\u00e9 le 19 f\u00e9vrier 2021 15:12","modified":"Mise \u00e0 jour le 24 f\u00e9vrier 2021 14:52"},"featured_img_caption":"","featured_img":false,"series_order":"","_links":{"self":[{"href":"https:\/\/www.seahouseinternational.net\/fr\/wp-json\/wp\/v2\/pages\/2112","targetHints":{"allow":["GET"]}}],"collection":[{"href":"https:\/\/www.seahouseinternational.net\/fr\/wp-json\/wp\/v2\/pages"}],"about":[{"href":"https:\/\/www.seahouseinternational.net\/fr\/wp-json\/wp\/v2\/types\/page"}],"author":[{"embeddable":true,"href":"https:\/\/www.seahouseinternational.net\/fr\/wp-json\/wp\/v2\/users\/1"}],"replies":[{"embeddable":true,"href":"https:\/\/www.seahouseinternational.net\/fr\/wp-json\/wp\/v2\/comments?post=2112"}],"version-history":[{"count":0,"href":"https:\/\/www.seahouseinternational.net\/fr\/wp-json\/wp\/v2\/pages\/2112\/revisions"}],"wp:attachment":[{"href":"https:\/\/www.seahouseinternational.net\/fr\/wp-json\/wp\/v2\/media?parent=2112"}],"curies":[{"name":"wp","href":"https:\/\/api.w.org\/{rel}","templated":true}]}}