{"id":2422,"date":"2021-02-22T14:20:03","date_gmt":"2021-02-22T13:20:03","guid":{"rendered":"https:\/\/www.seahouseinternational.net\/?page_id=2422"},"modified":"2021-02-22T14:20:04","modified_gmt":"2021-02-22T13:20:04","slug":"erfahrungen","status":"publish","type":"page","link":"https:\/\/www.seahouseinternational.net\/de\/erfahrungen\/","title":{"rendered":"Erfahrungen"},"content":{"rendered":"<div  class=\"grids-section grids-is-advanced alignfull\" style=\"--_gs-gap-desktop:0px 0px;--_gs-m-desktop:0 0 0 0;--_gs-p-desktop:0 0 0 0;--_gs-bg-desktop:transparent none;--_gs-bg-xp-desktop:0px;--_gs-zi-desktop:auto;--_gs-d-desktop:block;--_gs-mw-desktop:calc(100% - 0 - 0);--_gs-gap-tablet:0px 0px;--_gs-m-tablet:0 0 0 0;--_gs-p-tablet:0 0 0 0;--_gs-bg-tablet:transparent none;--_gs-bg-xp-tablet:0px;--_gs-zi-tablet:auto;--_gs-d-tablet:block;--_gs-mw-tablet:calc(100% - 0 - 0);--_gs-gap-mobile:0px 0px;--_gs-m-mobile:0 0 0 0;--_gs-p-mobile:0 0 0 0;--_gs-bg-mobile:transparent none;--_gs-bg-xp-mobile:0px;--_gs-zi-mobile:auto;--_gs-d-mobile:block;--_gs-mw-mobile:calc(100% - 0 - 0);--_gs-columns:12;--_gs-rows:6\"><div class=\"grids-s-w_i\">\n<div class=\"grids-area\" style=\"--_ga-column:2\/12;--_ga-row:1\/2;--_ga-m-desktop:0 0 0 0;--_ga-p-desktop:0 0 0 0;--_ga-bg-desktop:transparent none;--_ga-zi-desktop:auto;--_ga-d-desktop:flex;--_ga-mw-desktop:calc(100% - 0 - 0);--_ga-m-tablet:0 0 0 0;--_ga-p-tablet:0 0 0 0;--_ga-bg-tablet:transparent none;--_ga-zi-tablet:auto;--_ga-d-tablet:flex;--_ga-mw-tablet:calc(100% - 0 - 0);--_ga-m-mobile:0 0 0 0;--_ga-p-mobile:0 0 0 0;--_ga-bg-mobile:transparent none;--_ga-zi-mobile:auto;--_ga-d-mobile:flex;--_ga-mw-mobile:calc(100% - 0 - 0)\">\n\n<h2 class=\"wp-block-heading\">Aktivit\u00e4t<\/h2>\n\n\n\n<p>Lo\u0161inj bietet verschiedene Freizeit- und Kulturaktivit\u00e4ten f\u00fcr jedes Alter an, entdecken Sie die am besten geeigneten f\u00fcr Sie!<\/p>\n\n\n\n<div style=\"height:40px\" aria-hidden=\"true\" class=\"wp-block-spacer\"><\/div>\n\n<\/div>\n\n<div class=\"grids-area\" style=\"--_ga-column:2\/12;--_ga-row:2\/3;--_ga-m-desktop:0 0 0 0;--_ga-p-desktop:0 0 0 0;--_ga-bg-desktop:transparent none;--_ga-zi-desktop:auto;--_ga-d-desktop:flex;--_ga-mw-desktop:calc(100% - 0 - 0);--_ga-m-tablet:0 0 0 0;--_ga-p-tablet:0 0 0 0;--_ga-bg-tablet:transparent none;--_ga-zi-tablet:auto;--_ga-d-tablet:flex;--_ga-mw-tablet:calc(100% - 0 - 0);--_ga-m-mobile:0 0 0 0;--_ga-p-mobile:0 0 0 0;--_ga-bg-mobile:transparent none;--_ga-zi-mobile:auto;--_ga-d-mobile:flex;--_ga-mw-mobile:calc(100% - 0 - 0)\">\n\n<div class=\"experiences-list-container\" style=\"--experiences-list-container-columns: 4\">\n\t\t\t\t\t<div class=\"experiences-list-container-single\">\n\t\t\t\t<a href=\"https:\/\/www.seahouseinternational.net\/de\/experiences\/a-land-with-healing-properties\/\" title=\"Ein Land mit heilenden Kr\u00e4ften\">\n\t\t\t\t\t<div class=\"experiences-list-container-single-img\" style=\"background-image: url(https:\/\/www.seahouseinternational.net\/wp-content\/uploads\/2021\/02\/Seahouse_esperienze_natura_01.jpg)\">\n\t\t\t\t\t<\/div>\n\t\t\t\t<\/a>\n\t\t\t\t\n\t\t\t\t<a href=\"https:\/\/www.seahouseinternational.net\/de\/experiences\/a-land-with-healing-properties\/\" title=\"Ein Land mit heilenden Kr\u00e4ften\">\n\t\t\t\t\t<h3>Ein Land mit heilenden Kr\u00e4ften<\/h3>\n\t\t\t\t<\/a>\n\n                <div class=\"experiences-list-container-single-short-description\">\n\t\t\t\t\t<p>Die Luftqualit\u00e4t auf der Insel Lo\u0161inj ist wirklich hervorragend<\/p>\n\t\t\t\t<\/div>\n\n\t\t\t\t\t\t\t\t\n\t\t\t\t<a href=\"https:\/\/www.seahouseinternational.net\/de\/experiences\/a-land-with-healing-properties\/\" title=\"Ein Land mit heilenden Kr\u00e4ften\" class=\"btn experiences-list-container-single-button\">\n\t\t\t\t\tMehr erfahren\t\t\t\t<\/a>\n\t\t\t<\/div>\n\t\t\t\t\t\t<div class=\"experiences-list-container-single\">\n\t\t\t\t<a href=\"https:\/\/www.seahouseinternational.net\/de\/experiences\/lush-flora-and-fauna\/\" title=\"Eine \u00fcppige Flora und Fauna\">\n\t\t\t\t\t<div class=\"experiences-list-container-single-img\" style=\"background-image: url(https:\/\/www.seahouseinternational.net\/wp-content\/uploads\/2021\/02\/SeaHouse_International_Croazia_Location_asino.jpg)\">\n\t\t\t\t\t<\/div>\n\t\t\t\t<\/a>\n\t\t\t\t\n\t\t\t\t<a href=\"https:\/\/www.seahouseinternational.net\/de\/experiences\/lush-flora-and-fauna\/\" title=\"Eine \u00fcppige Flora und Fauna\">\n\t\t\t\t\t<h3>Eine \u00fcppige Flora und Fauna<\/h3>\n\t\t\t\t<\/a>\n\n                <div class=\"experiences-list-container-single-short-description\">\n\t\t\t\t\t<p>Vom Meer bis zu den W\u00e4ldern<\/p>\n\t\t\t\t<\/div>\n\n\t\t\t\t\t\t\t\t\n\t\t\t\t<a href=\"https:\/\/www.seahouseinternational.net\/de\/experiences\/lush-flora-and-fauna\/\" title=\"Eine \u00fcppige Flora und Fauna\" class=\"btn experiences-list-container-single-button\">\n\t\t\t\t\tMehr erfahren\t\t\t\t<\/a>\n\t\t\t<\/div>\n\t\t\t\t\t\t<div class=\"experiences-list-container-single\">\n\t\t\t\t<a href=\"https:\/\/www.seahouseinternational.net\/de\/experiences\/dolphins\/\" title=\"Auf den Spuren der Delfine\">\n\t\t\t\t\t<div class=\"experiences-list-container-single-img\" style=\"background-image: url(https:\/\/www.seahouseinternational.net\/wp-content\/uploads\/2021\/02\/SeaHouse_Delfini.jpg)\">\n\t\t\t\t\t<\/div>\n\t\t\t\t<\/a>\n\t\t\t\t\n\t\t\t\t<a href=\"https:\/\/www.seahouseinternational.net\/de\/experiences\/dolphins\/\" title=\"Auf den Spuren der Delfine\">\n\t\t\t\t\t<h3>Auf den Spuren der Delfine<\/h3>\n\t\t\t\t<\/a>\n\n                <div class=\"experiences-list-container-single-short-description\">\n\t\t\t\t\t<p>Ein unvergessliches Erlebnis<\/p>\n\t\t\t\t<\/div>\n\n\t\t\t\t\t\t\t\t\n\t\t\t\t<a href=\"https:\/\/www.seahouseinternational.net\/de\/experiences\/dolphins\/\" title=\"Auf den Spuren der Delfine\" class=\"btn experiences-list-container-single-button\">\n\t\t\t\t\tMehr erfahren\t\t\t\t<\/a>\n\t\t\t<\/div>\n\t\t\t\t\t\t<div class=\"experiences-list-container-single\">\n\t\t\t\t<a href=\"https:\/\/www.seahouseinternational.net\/de\/experiences\/griffons\/\" title=\"G\u00e4nsegeier\">\n\t\t\t\t\t<div class=\"experiences-list-container-single-img\" style=\"background-image: url(https:\/\/www.seahouseinternational.net\/wp-content\/uploads\/2021\/02\/SeaHouse_AvvoltoioGrifone.jpg)\">\n\t\t\t\t\t<\/div>\n\t\t\t\t<\/a>\n\t\t\t\t\n\t\t\t\t<a href=\"https:\/\/www.seahouseinternational.net\/de\/experiences\/griffons\/\" title=\"G\u00e4nsegeier\">\n\t\t\t\t\t<h3>G\u00e4nsegeier<\/h3>\n\t\t\t\t<\/a>\n\n                <div class=\"experiences-list-container-single-short-description\">\n\t\t\t\t\t<p>Das Naturschutzgebiet der G\u00e4nsegeier<\/p>\n\t\t\t\t<\/div>\n\n\t\t\t\t\t\t\t\t\n\t\t\t\t<a href=\"https:\/\/www.seahouseinternational.net\/de\/experiences\/griffons\/\" title=\"G\u00e4nsegeier\" class=\"btn experiences-list-container-single-button\">\n\t\t\t\t\tMehr erfahren\t\t\t\t<\/a>\n\t\t\t<\/div>\n\t\t\t\t\t\t<div class=\"experiences-list-container-single\">\n\t\t\t\t<a href=\"https:\/\/www.seahouseinternational.net\/de\/experiences\/susak-typical-dress\/\" title=\"Die Tracht von Susak\">\n\t\t\t\t\t<div class=\"experiences-list-container-single-img\" style=\"background-image: url(https:\/\/www.seahouseinternational.net\/wp-content\/uploads\/2021\/02\/SeaHouse_Il-costume-di-Susak.jpg)\">\n\t\t\t\t\t<\/div>\n\t\t\t\t<\/a>\n\t\t\t\t\n\t\t\t\t<a href=\"https:\/\/www.seahouseinternational.net\/de\/experiences\/susak-typical-dress\/\" title=\"Die Tracht von Susak\">\n\t\t\t\t\t<h3>Die Tracht von Susak<\/h3>\n\t\t\t\t<\/a>\n\n                <div class=\"experiences-list-container-single-short-description\">\n\t\t\t\t\t<p>Die typische Frauentracht<\/p>\n\t\t\t\t<\/div>\n\n\t\t\t\t\t\t\t\t\n\t\t\t\t<a href=\"https:\/\/www.seahouseinternational.net\/de\/experiences\/susak-typical-dress\/\" title=\"Die Tracht von Susak\" class=\"btn experiences-list-container-single-button\">\n\t\t\t\t\tMehr erfahren\t\t\t\t<\/a>\n\t\t\t<\/div>\n\t\t\t\t\t\t<div class=\"experiences-list-container-single\">\n\t\t\t\t<a href=\"https:\/\/www.seahouseinternational.net\/de\/experiences\/der-apoxyomenos\/\" title=\"Der Apoxyomenos\">\n\t\t\t\t\t<div class=\"experiences-list-container-single-img\" style=\"background-image: url(https:\/\/www.seahouseinternational.net\/wp-content\/uploads\/2021\/02\/SeaHouse_apoxiomenos.jpg)\">\n\t\t\t\t\t<\/div>\n\t\t\t\t<\/a>\n\t\t\t\t\n\t\t\t\t<a href=\"https:\/\/www.seahouseinternational.net\/de\/experiences\/der-apoxyomenos\/\" title=\"Der Apoxyomenos\">\n\t\t\t\t\t<h3>Der Apoxyomenos<\/h3>\n\t\t\t\t<\/a>\n\n                <div class=\"experiences-list-container-single-short-description\">\n\t\t\t\t\t<p>Die Originalstatue des Apoxyomenos<\/p>\n\t\t\t\t<\/div>\n\n\t\t\t\t\t\t\t\t\n\t\t\t\t<a href=\"https:\/\/www.seahouseinternational.net\/de\/experiences\/der-apoxyomenos\/\" title=\"Der Apoxyomenos\" class=\"btn experiences-list-container-single-button\">\n\t\t\t\t\tMehr erfahren\t\t\t\t<\/a>\n\t\t\t<\/div>\n\t\t\t\n\t<\/div>\n\n\n\n<\/div>\n<\/div><\/div>","protected":false},"excerpt":{"rendered":"","protected":false},"author":1,"featured_media":0,"parent":0,"menu_order":0,"comment_status":"closed","ping_status":"closed","template":"","meta":{"_acf_changed":false,"advgb_blocks_editor_width":"","advgb_blocks_columns_visual_guide":"","footnotes":""},"class_list":["post-2422","page","type-page","status-publish","hentry","entry"],"acf":[],"yoast_head":"<!-- This site is optimized with the Yoast SEO plugin v25.3.1 - https:\/\/yoast.com\/wordpress\/plugins\/seo\/ -->\n<title>Erfahrungen - Sea House Apartments in Losinj, Kroatien<\/title>\n<meta name=\"robots\" content=\"index, follow, max-snippet:-1, max-image-preview:large, max-video-preview:-1\" \/>\n<link rel=\"canonical\" href=\"https:\/\/www.seahouseinternational.net\/de\/erfahrungen\/\" \/>\n<meta property=\"og:locale\" content=\"de_DE\" \/>\n<meta property=\"og:type\" content=\"article\" \/>\n<meta property=\"og:title\" content=\"Erfahrungen - Sea House Apartments in Losinj, Kroatien\" \/>\n<meta property=\"og:url\" content=\"https:\/\/www.seahouseinternational.net\/de\/erfahrungen\/\" \/>\n<meta property=\"og:site_name\" content=\"Sea House Apartments in Losinj, Kroatien\" \/>\n<meta property=\"article:modified_time\" content=\"2021-02-22T13:20:04+00:00\" \/>\n<meta name=\"twitter:card\" content=\"summary_large_image\" \/>\n<meta name=\"twitter:label1\" content=\"Gesch\u00e4tzte Lesezeit\" \/>\n\t<meta name=\"twitter:data1\" content=\"1\u00a0Minute\" \/>\n<script type=\"application\/ld+json\" class=\"yoast-schema-graph\">{\"@context\":\"https:\/\/schema.org\",\"@graph\":[{\"@type\":\"WebPage\",\"@id\":\"https:\/\/www.seahouseinternational.net\/de\/erfahrungen\/\",\"url\":\"https:\/\/www.seahouseinternational.net\/de\/erfahrungen\/\",\"name\":\"Erfahrungen - Sea House Apartments in Losinj, Kroatien\",\"isPartOf\":{\"@id\":\"https:\/\/www.seahouseinternational.net\/de\/#website\"},\"datePublished\":\"2021-02-22T13:20:03+00:00\",\"dateModified\":\"2021-02-22T13:20:04+00:00\",\"breadcrumb\":{\"@id\":\"https:\/\/www.seahouseinternational.net\/de\/erfahrungen\/#breadcrumb\"},\"inLanguage\":\"de\",\"potentialAction\":[{\"@type\":\"ReadAction\",\"target\":[\"https:\/\/www.seahouseinternational.net\/de\/erfahrungen\/\"]}]},{\"@type\":\"BreadcrumbList\",\"@id\":\"https:\/\/www.seahouseinternational.net\/de\/erfahrungen\/#breadcrumb\",\"itemListElement\":[{\"@type\":\"ListItem\",\"position\":1,\"name\":\"Home\",\"item\":\"https:\/\/www.seahouseinternational.net\/de\/\"},{\"@type\":\"ListItem\",\"position\":2,\"name\":\"Erfahrungen\"}]},{\"@type\":\"WebSite\",\"@id\":\"https:\/\/www.seahouseinternational.net\/de\/#website\",\"url\":\"https:\/\/www.seahouseinternational.net\/de\/\",\"name\":\"Sea House Apartments in Losinj, Kroatien\",\"description\":\"\",\"publisher\":{\"@id\":\"https:\/\/www.seahouseinternational.net\/de\/#organization\"},\"potentialAction\":[{\"@type\":\"SearchAction\",\"target\":{\"@type\":\"EntryPoint\",\"urlTemplate\":\"https:\/\/www.seahouseinternational.net\/de\/?s={search_term_string}\"},\"query-input\":{\"@type\":\"PropertyValueSpecification\",\"valueRequired\":true,\"valueName\":\"search_term_string\"}}],\"inLanguage\":\"de\"},{\"@type\":\"Organization\",\"@id\":\"https:\/\/www.seahouseinternational.net\/de\/#organization\",\"name\":\"Sea House Apartments in Losinj, Kroatien\",\"url\":\"https:\/\/www.seahouseinternational.net\/de\/\",\"logo\":{\"@type\":\"ImageObject\",\"inLanguage\":\"de\",\"@id\":\"https:\/\/www.seahouseinternational.net\/de\/#\/schema\/logo\/image\/\",\"url\":\"https:\/\/www.seahouseinternational.net\/wp-content\/uploads\/2021\/02\/logo-seahouse.png\",\"contentUrl\":\"https:\/\/www.seahouseinternational.net\/wp-content\/uploads\/2021\/02\/logo-seahouse.png\",\"width\":374,\"height\":60,\"caption\":\"Sea House Apartments in Losinj, Kroatien\"},\"image\":{\"@id\":\"https:\/\/www.seahouseinternational.net\/de\/#\/schema\/logo\/image\/\"}}]}<\/script>\n<!-- \/ Yoast SEO plugin. -->","yoast_head_json":{"title":"Erfahrungen - Sea House Apartments in Losinj, Kroatien","robots":{"index":"index","follow":"follow","max-snippet":"max-snippet:-1","max-image-preview":"max-image-preview:large","max-video-preview":"max-video-preview:-1"},"canonical":"https:\/\/www.seahouseinternational.net\/de\/erfahrungen\/","og_locale":"de_DE","og_type":"article","og_title":"Erfahrungen - Sea House Apartments in Losinj, Kroatien","og_url":"https:\/\/www.seahouseinternational.net\/de\/erfahrungen\/","og_site_name":"Sea House Apartments in Losinj, Kroatien","article_modified_time":"2021-02-22T13:20:04+00:00","twitter_card":"summary_large_image","twitter_misc":{"Gesch\u00e4tzte Lesezeit":"1\u00a0Minute"},"schema":{"@context":"https:\/\/schema.org","@graph":[{"@type":"WebPage","@id":"https:\/\/www.seahouseinternational.net\/de\/erfahrungen\/","url":"https:\/\/www.seahouseinternational.net\/de\/erfahrungen\/","name":"Erfahrungen - Sea House Apartments in Losinj, Kroatien","isPartOf":{"@id":"https:\/\/www.seahouseinternational.net\/de\/#website"},"datePublished":"2021-02-22T13:20:03+00:00","dateModified":"2021-02-22T13:20:04+00:00","breadcrumb":{"@id":"https:\/\/www.seahouseinternational.net\/de\/erfahrungen\/#breadcrumb"},"inLanguage":"de","potentialAction":[{"@type":"ReadAction","target":["https:\/\/www.seahouseinternational.net\/de\/erfahrungen\/"]}]},{"@type":"BreadcrumbList","@id":"https:\/\/www.seahouseinternational.net\/de\/erfahrungen\/#breadcrumb","itemListElement":[{"@type":"ListItem","position":1,"name":"Home","item":"https:\/\/www.seahouseinternational.net\/de\/"},{"@type":"ListItem","position":2,"name":"Erfahrungen"}]},{"@type":"WebSite","@id":"https:\/\/www.seahouseinternational.net\/de\/#website","url":"https:\/\/www.seahouseinternational.net\/de\/","name":"Sea House Apartments in Losinj, Kroatien","description":"","publisher":{"@id":"https:\/\/www.seahouseinternational.net\/de\/#organization"},"potentialAction":[{"@type":"SearchAction","target":{"@type":"EntryPoint","urlTemplate":"https:\/\/www.seahouseinternational.net\/de\/?s={search_term_string}"},"query-input":{"@type":"PropertyValueSpecification","valueRequired":true,"valueName":"search_term_string"}}],"inLanguage":"de"},{"@type":"Organization","@id":"https:\/\/www.seahouseinternational.net\/de\/#organization","name":"Sea House Apartments in Losinj, Kroatien","url":"https:\/\/www.seahouseinternational.net\/de\/","logo":{"@type":"ImageObject","inLanguage":"de","@id":"https:\/\/www.seahouseinternational.net\/de\/#\/schema\/logo\/image\/","url":"https:\/\/www.seahouseinternational.net\/wp-content\/uploads\/2021\/02\/logo-seahouse.png","contentUrl":"https:\/\/www.seahouseinternational.net\/wp-content\/uploads\/2021\/02\/logo-seahouse.png","width":374,"height":60,"caption":"Sea House Apartments in Losinj, Kroatien"},"image":{"@id":"https:\/\/www.seahouseinternational.net\/de\/#\/schema\/logo\/image\/"}}]}},"coauthors":[],"author_meta":{"author_link":"https:\/\/www.seahouseinternational.net\/de\/author\/se4-h0s3\/","display_name":"se4-h0s3"},"relative_dates":{"created":"Posted 5\u00a0Jahren ago","modified":"Updated 5\u00a0Jahren ago"},"absolute_dates":{"created":"Posted on 22 Februar 2021","modified":"Updated on 22 Februar 2021"},"absolute_dates_time":{"created":"Posted on 22 Februar 2021 14:20","modified":"Updated on 22 Februar 2021 14:20"},"featured_img_caption":"","featured_img":false,"series_order":"","_links":{"self":[{"href":"https:\/\/www.seahouseinternational.net\/de\/wp-json\/wp\/v2\/pages\/2422","targetHints":{"allow":["GET"]}}],"collection":[{"href":"https:\/\/www.seahouseinternational.net\/de\/wp-json\/wp\/v2\/pages"}],"about":[{"href":"https:\/\/www.seahouseinternational.net\/de\/wp-json\/wp\/v2\/types\/page"}],"author":[{"embeddable":true,"href":"https:\/\/www.seahouseinternational.net\/de\/wp-json\/wp\/v2\/users\/1"}],"replies":[{"embeddable":true,"href":"https:\/\/www.seahouseinternational.net\/de\/wp-json\/wp\/v2\/comments?post=2422"}],"version-history":[{"count":0,"href":"https:\/\/www.seahouseinternational.net\/de\/wp-json\/wp\/v2\/pages\/2422\/revisions"}],"wp:attachment":[{"href":"https:\/\/www.seahouseinternational.net\/de\/wp-json\/wp\/v2\/media?parent=2422"}],"curies":[{"name":"wp","href":"https:\/\/api.w.org\/{rel}","templated":true}]}}